{"id":2306,"date":"2020-03-28T18:19:42","date_gmt":"2020-03-28T18:19:42","guid":{"rendered":"https:\/\/klamottenbude24.de\/?product=kelitch-sexy-dessous-strapse-set-frauen-spitze-mit-buestenhalter-reizwaesche"},"modified":"2023-04-07T22:11:04","modified_gmt":"2023-04-07T22:11:04","slug":"kelitch-sexy-dessous-strapse-set-frauen-spitze-mit-buestenhalter-reizwaesche","status":"publish","type":"product","link":"https:\/\/eventparadies.com\/?product=kelitch-sexy-dessous-strapse-set-frauen-spitze-mit-buestenhalter-reizwaesche","title":{"rendered":"KELITCH Sexy Dessous Strapse Set Wei\u00df Frauen Spitze mit B\u00fcsten Neckholder Reizw\u00e4sche &#8211; Gr\u00f6\u00dfe L"},"content":{"rendered":"<p><!-- show up to 2 reviews by default --> <\/p>\n<p>Marke:<b>KELITCH <\/b><br \/>100% nagelneu und hochwertig<br \/>Saison: alle Jahreszeiten<br \/>Material: Spitze und Mesh<br \/>Stil: Sexy Dessous<br \/>Anl\u00e4sse: Urlaub, Schlafzimmer, Flitterwochen und andere romantische Momente \ud83d\ude42<br \/><b>Merkmal: <\/b><br \/>Hergestellt aus hochwertigem Material, dehnbar und angenehm zu tragen<br \/>Spezielles und modernes Design macht Sie attraktiver, charmanter, mode und chic<br \/>Inspirierender Erotik Flirt: weibliches Transparent Mesh Brust Offen und sexy Halter Design, romantisch Dessous,es ist bezaubernd und atemberaubend, es baut Selbstvertrauen auf und es ist ein perfekt Weise, um intime Abend zu w\u00fcrzen &#8230;<br \/> Genie\u00dfen Sie diese wunderbare Nachtw\u00e4sche!<\/p>\n<p><b> Packungsinhalt:<\/b> 2 St\u00fcck, 1 x Nachtw\u00e4sche, 1 x G-String<\/p>\n<p><b>\u00dcber Gr\u00f6\u00dfe:<\/b><br \/> Es hat 5 Gr\u00f6\u00dfe (S, M, L, XL, XXL) kann w\u00e4hlen. Definitiv eine gro\u00dfartige Erg\u00e4nzung f\u00fcr jede Frau Kleiderschrank!<br \/><b>Gr\u00f6\u00dfe Detail: <\/b><br \/>[Gr\u00f6\u00dfe S] B\u00fcste: 81cm-85cm \/ 31.9-33.5 &#8222;&#8212; Taille: 61-66cm \/ 24 -26 &#8222;&#8212; H\u00fcfte: 86-91cm \/ 33.9-35.9&#8220;<br \/>[Gr\u00f6\u00dfe M]B\u00fcste : 85-89cm \/ 33.5-35 &#8222;&#8212; Taille: 66-71cm \/ 26-28&#8220; &#8212; H\u00fcfte: 91-96cm \/ 35.9-37.8 &#8222;<br \/> [Gr\u00f6\u00dfe L] B\u00fcste: 89-93cm \/ 35-36.6&#8243; &#8212; Taille: 71-76cm \/ 28-30 &#8222;&#8212; H\u00fcfte: 96-101cm \/ 37.8-40 &#8222;<br \/> [Gr\u00f6\u00dfe XL] B\u00fcste: 93-97cm \/ 36.6-38&#8243; &#8212; Taille: 76-81cm \/ 30-31.9 &#8222;&#8212; H\u00fcfte: 101-106cm \/ 40-41.8&#8220; <br \/> [Gr\u00f6\u00dfe XXL] B\u00fcste: 101-105cm \/ 40-41.3 &#8222;&#8212; Taille: 81-86cm \/ 31.9-33.9&#8220; &#8212; H\u00fcfte: 106-111cm \/ 41.8-43.7 &#8222;<\/p>\n<p><b> Pflegehinweise: <\/b> Handw\u00e4sche in kaltem Wasser leicht &amp; trocken aufh\u00e4ngen, nicht bleichen oder b\u00fcgeln.<\/p>\n<p><b> Hinweise: <\/b><br \/>1. Bitte \u00fcberpr\u00fcfen Sie Ihre Ma\u00dfe, um sicherzustellen, dass der Artikel passt vor dem Bestellen.<br \/>2. Die reale Farbe der Artikel kann zu den Abbildungen unterschiedlich sein, die auf der Web site gezeigt werden, die durch viele Faktoren wie Helligkeit Ihres Monitors und helle Helligkeit verursacht werden.<br \/>70. Kein Polsterung, das Modell ist mit unsichtbar B\u00fcstenhalter(nicht im Lieferumfang enthalten). <\/p>\n<p>Ein gro\u00dfer Bereich der Brust ausgesetzt, Spitze Mesh bedeckt, abnormal sexy<br \/>\nLeicht transparent &#8211; l\u00e4sst die Haut verf\u00fchrerisch durchscheinen<br \/>\n95% Nylon<br \/>\nMaterial: 95% Nylon, weichem Material, sehr angenehm zu tragen<br \/>\nVerf\u00fchrerische Spitze und fast nacktes leichtes Mesh machen sie einfach unwiderstehlich!<br \/>\nErleben Sie mit diesem aufreizenden Dessous die ganz besonderen Momente<br \/>\n<div class=\"main-cross-sell\" data-asin=\"B078351CSN\">\n\n\t<div class=\"WooZone-cross-sell-loader\">\n\t\t<div>\n\t\t\t<div id=\"floatingBarsG\">\n\t\t\t\t<div class=\"blockG\" id=\"rotateG_01\"><\/div>\n\t\t\t\t<div class=\"blockG\" id=\"rotateG_02\"><\/div>\n\t\t\t\t<div class=\"blockG\" id=\"rotateG_03\"><\/div>\n\t\t\t\t<div class=\"blockG\" id=\"rotateG_04\"><\/div>\n\t\t\t\t<div class=\"blockG\" id=\"rotateG_05\"><\/div>\n\t\t\t\t<div class=\"blockG\" id=\"rotateG_06\"><\/div>\n\t\t\t\t<div class=\"blockG\" id=\"rotateG_07\"><\/div>\n\t\t\t\t<div class=\"blockG\" id=\"rotateG_08\"><\/div>\n\t\t\t<\/div>\n\t\t\t<div class=\"WooZone-cross-sell-loader-text\"><\/div>\n\t\t<\/div>\n\t<\/div>\n\n\t\t\n<\/div>\n<div style=\"clear:both;\"><\/div>\n","protected":false},"excerpt":{"rendered":"<p>Ein gro\u00dfer Bereich der Brust ausgesetzt, Spitze Mesh bedeckt, abnormal sexy<br \/>\nLeicht transparent &#8211; l\u00e4sst die Haut verf\u00fchrerisch durchscheinen<br \/>\n95% Nylon<\/p>\n","protected":false},"featured_media":2307,"template":"","meta":[],"etheme_brands":[],"class_list":{"0":"post-2306","1":"product","2":"type-product","3":"status-publish","4":"has-post-thumbnail","6":"product_cat-sets-mit-body","8":"first","9":"instock","10":"taxable","11":"shipping-taxable","12":"product-type-external"},"_links":{"self":[{"href":"https:\/\/eventparadies.com\/index.php?rest_route=\/wp\/v2\/product\/2306","targetHints":{"allow":["GET"]}}],"collection":[{"href":"https:\/\/eventparadies.com\/index.php?rest_route=\/wp\/v2\/product"}],"about":[{"href":"https:\/\/eventparadies.com\/index.php?rest_route=\/wp\/v2\/types\/product"}],"wp:featuredmedia":[{"embeddable":true,"href":"https:\/\/eventparadies.com\/index.php?rest_route=\/wp\/v2\/media\/2307"}],"wp:attachment":[{"href":"https:\/\/eventparadies.com\/index.php?rest_route=%2Fwp%2Fv2%2Fmedia&parent=2306"}],"wp:term":[{"taxonomy":"brand","embeddable":true,"href":"https:\/\/eventparadies.com\/index.php?rest_route=%2Fwp%2Fv2%2Fetheme_brands&post=2306"}],"curies":[{"name":"wp","href":"https:\/\/api.w.org\/{rel}","templated":true}]}}