{"id":2252,"date":"2020-03-28T18:10:23","date_gmt":"2020-03-28T18:10:23","guid":{"rendered":"https:\/\/klamottenbude24.de\/?product=cszxx-strumpfhalter-damen-4-strap-lace-strumpfhosen-strapse"},"modified":"2023-04-07T22:11:04","modified_gmt":"2023-04-07T22:11:04","slug":"cszxx-strumpfhalter-damen-4-strap-lace-strumpfhosen-strapse","status":"publish","type":"product","link":"https:\/\/eventparadies.com\/?product=cszxx-strumpfhalter-damen-4-strap-lace-strumpfhosen-strapse","title":{"rendered":"Cszxx Strumpfhalter Damen 4-Strap Lace Strumpfhosen Strapse"},"content":{"rendered":"<p><!-- show up to 2 reviews by default --> <\/p>\n<p><b>\u00dcber Cszxx:<\/b><\/p>\n<p> Cszxx, verpflichtet, alle Frauen und M\u00e4nner mit bequemen und preiswerten Kleidern, einschlie\u00dflich Socken, BH, etc.<\/p>\n<p><b> Damen:<\/b><\/p>\n<p> Dieser seidig breite, flache Spitzen-Strumpfg\u00fcrtel ist sehr elegant. Abgeschlossen in einer wundersch\u00f6n gewebten Stretch-Spitze mit Blumenmuster und 4 Seidenbandriemen. Wir lieben diesen Strumpfg\u00fcrtel, da er flach und dezent ist und sich daher unter jedem Outfit perfekt versteckt. Erh\u00e4ltlich in wei\u00df, rot und schwarz. Gro\u00dfer Wert Suspender Belt.Wear sie zusammen f\u00fcr Arbeit, Ihre Hochzeit, l\u00e4ssige Ausfl\u00fcge, Abende auf der Stadt oder romantische Begegnungen. F\u00dcHLEN SIE IHR SEXY, FEMININE BESTE &#8211; auch wenn niemand wei\u00df, dass Sie es tragen, aber Sie! Macht auch einen lustigen Urlaub oder jederzeit Geschenk f\u00fcr Ihre Frau oder Freundin. Klicken Sie auf &#8222;ADD to CART&#8220;, um JETZT zu kaufen!<\/p>\n<p><b> W\u00e4schef\u00fchrer:<\/b><\/p>\n<p> Sehr geehrte Damen und Herren, wir garantieren, dass alle Produkte ganz neu sind und eine sehr gute Qualit\u00e4t haben. Weniger als 40 Grad Wassertemperatur Handw\u00e4sche, nicht sp\u00fclen, nicht Hochtemperaturb\u00fcgeln, h\u00e4ngen trocken, verbieten Bleichen.<\/p>\n<p><b> Hinweis:<\/b><\/p>\n<p> Beleuchtung, Display und andere Faktoren k\u00f6nnen dazu f\u00fchren, dass COLOR SHADING, bitte umfangreiche Bilder, Textbeschreibungen zu bestimmen. <\/p>\n<\/p>\n<p>Material: 85% Polyamid 15% Elastan<br \/>\nFarbe: schwarz, wei\u00df, rot. One Size &#8211; Verstellbarer Riemen in Dessous und G\u00fcrtel, so dass es f\u00fcr die meisten Frauen geeignet ist.<br \/>\n85% Polyamid, 15% Elasthan<br \/>\nModellnummer: UK5003-F-W<br \/>\n4 Ribbon Silk Straps mit sicheren Plastikverschl\u00fcssen zum Anbringen von Lacy Strumpfband an Oberschenkel hohen Str\u00fcmpfen<br \/>\nFloral Pattern High Waisted Flat Stretch Hip Slip f\u00fcr Strumpfstr\u00fcmpfe Dessous Set in schwarz, rot und wei\u00df erh\u00e4ltlich<br \/>\nDeep Widelace Suspender G\u00fcrtel nur &#8211; enth\u00e4lt keine Str\u00fcmpfe oder Panty<br \/>\n<div class=\"main-cross-sell\" data-asin=\"B01N34X2G4\">\n\n\t<div class=\"WooZone-cross-sell-loader\">\n\t\t<div>\n\t\t\t<div id=\"floatingBarsG\">\n\t\t\t\t<div class=\"blockG\" id=\"rotateG_01\"><\/div>\n\t\t\t\t<div class=\"blockG\" id=\"rotateG_02\"><\/div>\n\t\t\t\t<div class=\"blockG\" id=\"rotateG_03\"><\/div>\n\t\t\t\t<div class=\"blockG\" id=\"rotateG_04\"><\/div>\n\t\t\t\t<div class=\"blockG\" id=\"rotateG_05\"><\/div>\n\t\t\t\t<div class=\"blockG\" id=\"rotateG_06\"><\/div>\n\t\t\t\t<div class=\"blockG\" id=\"rotateG_07\"><\/div>\n\t\t\t\t<div class=\"blockG\" id=\"rotateG_08\"><\/div>\n\t\t\t<\/div>\n\t\t\t<div class=\"WooZone-cross-sell-loader-text\"><\/div>\n\t\t<\/div>\n\t<\/div>\n\n\t\t\n<\/div>\n<div style=\"clear:both;\"><\/div>\n","protected":false},"excerpt":{"rendered":"<p>Material: 85% Polyamid 15% Elastan<br \/>\nFarbe: schwarz, wei\u00df, rot. One Size &#8211; Verstellbarer Riemen in Dessous und G\u00fcrtel, so dass es f\u00fcr die meisten Frauen geeignet ist.<br \/>\n85% Polyamid, 15% Elasthan<\/p>\n","protected":false},"featured_media":2253,"template":"","meta":[],"etheme_brands":[],"class_list":{"0":"post-2252","1":"product","2":"type-product","3":"status-publish","4":"has-post-thumbnail","6":"product_cat-sets-mit-body","8":"first","9":"instock","10":"taxable","11":"shipping-taxable","12":"product-type-external"},"_links":{"self":[{"href":"https:\/\/eventparadies.com\/index.php?rest_route=\/wp\/v2\/product\/2252","targetHints":{"allow":["GET"]}}],"collection":[{"href":"https:\/\/eventparadies.com\/index.php?rest_route=\/wp\/v2\/product"}],"about":[{"href":"https:\/\/eventparadies.com\/index.php?rest_route=\/wp\/v2\/types\/product"}],"wp:featuredmedia":[{"embeddable":true,"href":"https:\/\/eventparadies.com\/index.php?rest_route=\/wp\/v2\/media\/2253"}],"wp:attachment":[{"href":"https:\/\/eventparadies.com\/index.php?rest_route=%2Fwp%2Fv2%2Fmedia&parent=2252"}],"wp:term":[{"taxonomy":"brand","embeddable":true,"href":"https:\/\/eventparadies.com\/index.php?rest_route=%2Fwp%2Fv2%2Fetheme_brands&post=2252"}],"curies":[{"name":"wp","href":"https:\/\/api.w.org\/{rel}","templated":true}]}}