{"id":2228,"date":"2020-03-28T18:10:11","date_gmt":"2020-03-28T18:10:11","guid":{"rendered":"https:\/\/klamottenbude24.de\/?product=merry-style-damen-transparent-strapsstruempfe-ms-226-15-den"},"modified":"2023-04-07T22:11:04","modified_gmt":"2023-04-07T22:11:04","slug":"merry-style-damen-transparent-strapsstruempfe-ms-226-15-den","status":"publish","type":"product","link":"https:\/\/eventparadies.com\/?product=merry-style-damen-transparent-strapsstruempfe-ms-226-15-den","title":{"rendered":"Merry Style Damen Strapsstr\u00fcmpfe transparent Str\u00fcmpfe f\u00fcr Strumpfhalter MS 226 15 DEN"},"content":{"rendered":"<p>Hergestellt in der EU<br \/>\nStr\u00fcmpfe zum Tragen mit G\u00fcrtel; 15 DEN; Mit einem Zusatz der Faser Lycra<br \/>\n85% Polyamid, 15% Elasthan<br \/>\nSeidige, breite Ausarbeitung; Ohne Silikon<br \/>\nAus starkem, elastischem Garn, das sich sehr angenehm anf\u00fchlt<br \/>\nOhne Zehenteil; Durchsichtig<br \/>\n<div class=\"main-cross-sell\" data-asin=\"B01MUDY2H6\">\n\n\t<div class=\"WooZone-cross-sell-loader\">\n\t\t<div>\n\t\t\t<div id=\"floatingBarsG\">\n\t\t\t\t<div class=\"blockG\" id=\"rotateG_01\"><\/div>\n\t\t\t\t<div class=\"blockG\" id=\"rotateG_02\"><\/div>\n\t\t\t\t<div class=\"blockG\" id=\"rotateG_03\"><\/div>\n\t\t\t\t<div class=\"blockG\" id=\"rotateG_04\"><\/div>\n\t\t\t\t<div class=\"blockG\" id=\"rotateG_05\"><\/div>\n\t\t\t\t<div class=\"blockG\" id=\"rotateG_06\"><\/div>\n\t\t\t\t<div class=\"blockG\" id=\"rotateG_07\"><\/div>\n\t\t\t\t<div class=\"blockG\" id=\"rotateG_08\"><\/div>\n\t\t\t<\/div>\n\t\t\t<div class=\"WooZone-cross-sell-loader-text\"><\/div>\n\t\t<\/div>\n\t<\/div>\n\n\t\t\n<\/div>\n<div style=\"clear:both;\"><\/div>\n","protected":false},"excerpt":{"rendered":"<p>Hergestellt in der EU<br \/>\nStr\u00fcmpfe zum Tragen mit G\u00fcrtel; 15 DEN; Mit einem Zusatz der Faser Lycra<br \/>\n85% Polyamid, 15% Elasthan<\/p>\n","protected":false},"featured_media":2230,"template":"","meta":[],"etheme_brands":[],"class_list":{"0":"post-2228","1":"product","2":"type-product","3":"status-publish","4":"has-post-thumbnail","6":"product_cat-sets-mit-body","8":"first","9":"instock","10":"taxable","11":"shipping-taxable","12":"product-type-external"},"_links":{"self":[{"href":"https:\/\/eventparadies.com\/index.php?rest_route=\/wp\/v2\/product\/2228","targetHints":{"allow":["GET"]}}],"collection":[{"href":"https:\/\/eventparadies.com\/index.php?rest_route=\/wp\/v2\/product"}],"about":[{"href":"https:\/\/eventparadies.com\/index.php?rest_route=\/wp\/v2\/types\/product"}],"wp:featuredmedia":[{"embeddable":true,"href":"https:\/\/eventparadies.com\/index.php?rest_route=\/wp\/v2\/media\/2230"}],"wp:attachment":[{"href":"https:\/\/eventparadies.com\/index.php?rest_route=%2Fwp%2Fv2%2Fmedia&parent=2228"}],"wp:term":[{"taxonomy":"brand","embeddable":true,"href":"https:\/\/eventparadies.com\/index.php?rest_route=%2Fwp%2Fv2%2Fetheme_brands&post=2228"}],"curies":[{"name":"wp","href":"https:\/\/api.w.org\/{rel}","templated":true}]}}