{"id":2223,"date":"2020-03-28T18:08:33","date_gmt":"2020-03-28T18:08:33","guid":{"rendered":"https:\/\/klamottenbude24.de\/?product=ho-ersoka-damen-body-teddy-frauen-spitze-aermellos"},"modified":"2023-04-07T22:11:04","modified_gmt":"2023-04-07T22:11:04","slug":"ho-ersoka-damen-body-teddy-frauen-spitze-aermellos","status":"publish","type":"product","link":"https:\/\/eventparadies.com\/?product=ho-ersoka-damen-body-teddy-frauen-spitze-aermellos","title":{"rendered":"HO-Ersoka Damen Body Teddy Frauen Bodysuit mit Spitze \u00e4rmellos Spitzenbody Kurzarm Oberteil sexy Dessous Blusenbody\u2026"},"content":{"rendered":"<p><!-- show up to 2 reviews by default --> <\/p>\n<p>Wundersch\u00f6ner Teddie aus blickdichten Material und transparenten Spitzen &#8211; Eins\u00e4tzen!<\/p>\n<p>Dieser Einteiler besticht durch sein Design und zieht alle Blicke auf sich!<\/p>\n<p>Das Kleidungsst\u00fcck ist ohne Arm und wird im Schritt mit Haken und \u00d6sen in 3 m\u00f6glichen Stellungen geschlossen. Pa\u00dft auch ganz toll zu Hosen und R\u00f6cken als tolles Oberteil.<\/p>\n<p>Farbe: Schwarz, Wei\u00df<\/p>\n<p>Gr\u00f6\u00dfe: S\/M (34\/36) <br \/>Brust Breite einfach von Naht zu Naht: 36cm<br \/>Taille Breite einfach von Naht zu Naht: 32cm<br \/>H\u00fcfte Breite einfach von Naht zu Naht: 35cm<br \/>Gesamtl\u00e4nge: 68cm <\/p>\n<p>Gr\u00f6\u00dfe: L-XL (38\/40) <br \/>Brust Breite einfach von Naht zu Naht: 38cm<br \/>Taille Breite einfach von Naht zu Naht: 34cm<br \/>H\u00fcfte Breite einfach von Naht zu Naht: 37cm<br \/>Gesamtl\u00e4nge: 70cm <\/p>\n<p>Gr\u00f6\u00dfe: 2XL-3XL (42\/44)<br \/>Brust Breite einfach von Naht zu Naht: 40cm<br \/>Taille Breite einfach von Naht zu Naht: 36cm<br \/>H\u00fcfte Breite einfach von Naht zu Naht: 40cm<br \/>Gesamtl\u00e4nge: 72cm <\/p>\n<p>Gr\u00f6\u00dfe: 4XL-5XL (46\/48)<br \/>Brust Breite einfach von Naht zu Naht: 47cm<br \/>Taille Breite einfach von Naht zu Naht: 42cm<br \/>H\u00fcfte Breite einfach von Naht zu Naht: 47cm<br \/>Gesamtl\u00e4nge: 79cm <\/p>\n<p>Material: 95% Polyester, 5% Elasthan<\/p>\n<p>Ein aufregender Einteiler f\u00fcr besondere Stunden!<\/p>\n<p>Aufgrund von individuellen Monitor Einstellungen k\u00f6nnen die Farben etwas anders ausfallen als auf den Bildern<\/p>\n<\/p>\n<p>Wundersch\u00f6ner, sexy Damen Einteiler aus blicktichtem Material kombiniert mit Spitze. Ein Kleidungsst\u00fcck, das Frau perfekt zu Hose oder Rock tragen kann.<br \/>\nDer Bodysuit ist ohne Arm und hat einen Rundhals-Ausschnitt aus Eyelash-Lace<br \/>\n95% Polyester, 5% Elasthan<br \/>\nPflegehinweis: 30 Grad Handw\u00e4sche<br \/>\nModellnummer: OY45-HO-Ersoka<br \/>\nDer Frauen Teddie wird im Nacken gekn\u00f6pft. Bitte beachten Sie: Der Body f\u00e4llt etwas kleiner aus. Die Masse finden Sie in der Produktbeschreibung.<br \/>\nDie obere R\u00fcckenpartie ist frei und wirkl sehr attraktiv<br \/>\nErh\u00e4ltlich in den Farben schwarz, wei\u00df und den Gr\u00f6\u00dfen S\/M (34\/36), L\/XL (38\/40), 2XL\/3XL (42\/44), 4XL\/5XL (46\/48)<br \/>\n<div class=\"main-cross-sell\" data-asin=\"B077CQSKKZ\">\n\n\t<div class=\"WooZone-cross-sell-loader\">\n\t\t<div>\n\t\t\t<div id=\"floatingBarsG\">\n\t\t\t\t<div class=\"blockG\" id=\"rotateG_01\"><\/div>\n\t\t\t\t<div class=\"blockG\" id=\"rotateG_02\"><\/div>\n\t\t\t\t<div class=\"blockG\" id=\"rotateG_03\"><\/div>\n\t\t\t\t<div class=\"blockG\" id=\"rotateG_04\"><\/div>\n\t\t\t\t<div class=\"blockG\" id=\"rotateG_05\"><\/div>\n\t\t\t\t<div class=\"blockG\" id=\"rotateG_06\"><\/div>\n\t\t\t\t<div class=\"blockG\" id=\"rotateG_07\"><\/div>\n\t\t\t\t<div class=\"blockG\" id=\"rotateG_08\"><\/div>\n\t\t\t<\/div>\n\t\t\t<div class=\"WooZone-cross-sell-loader-text\"><\/div>\n\t\t<\/div>\n\t<\/div>\n\n\t\t\n<\/div>\n<div style=\"clear:both;\"><\/div>\n","protected":false},"excerpt":{"rendered":"<p>Wundersch\u00f6ner, sexy Damen Einteiler aus blicktichtem Material kombiniert mit Spitze. Ein Kleidungsst\u00fcck, das Frau perfekt zu Hose oder Rock tragen kann.<br \/>\nDer Bodysuit ist ohne Arm und hat einen Rundhals-Ausschnitt aus Eyelash-Lace<br \/>\n95% Polyester, 5% Elasthan<\/p>\n","protected":false},"featured_media":2224,"template":"","meta":[],"etheme_brands":[],"class_list":{"0":"post-2223","1":"product","2":"type-product","3":"status-publish","4":"has-post-thumbnail","6":"product_cat-sets-mit-body","8":"first","9":"instock","10":"taxable","11":"shipping-taxable","12":"product-type-external"},"_links":{"self":[{"href":"https:\/\/eventparadies.com\/index.php?rest_route=\/wp\/v2\/product\/2223","targetHints":{"allow":["GET"]}}],"collection":[{"href":"https:\/\/eventparadies.com\/index.php?rest_route=\/wp\/v2\/product"}],"about":[{"href":"https:\/\/eventparadies.com\/index.php?rest_route=\/wp\/v2\/types\/product"}],"wp:featuredmedia":[{"embeddable":true,"href":"https:\/\/eventparadies.com\/index.php?rest_route=\/wp\/v2\/media\/2224"}],"wp:attachment":[{"href":"https:\/\/eventparadies.com\/index.php?rest_route=%2Fwp%2Fv2%2Fmedia&parent=2223"}],"wp:term":[{"taxonomy":"brand","embeddable":true,"href":"https:\/\/eventparadies.com\/index.php?rest_route=%2Fwp%2Fv2%2Fetheme_brands&post=2223"}],"curies":[{"name":"wp","href":"https:\/\/api.w.org\/{rel}","templated":true}]}}