{"id":2199,"date":"2020-03-28T18:08:20","date_gmt":"2020-03-28T18:08:20","guid":{"rendered":"https:\/\/klamottenbude24.de\/?product=didk-damen-bodysuit-schulterfrei-einfarbig-aermellos-sexy-bodys"},"modified":"2023-04-07T22:11:04","modified_gmt":"2023-04-07T22:11:04","slug":"didk-damen-bodysuit-schulterfrei-einfarbig-aermellos-sexy-bodys","status":"publish","type":"product","link":"https:\/\/eventparadies.com\/?product=didk-damen-bodysuit-schulterfrei-einfarbig-aermellos-sexy-bodys","title":{"rendered":"DIDK Damen Bodysuit Schulterfrei Einfarbig \u00c4rmellos Sexy Bodys Schmaler Body V-Ausschnitt Casual Bodysuit"},"content":{"rendered":"<p>Stil: Casual<br \/>\nAusschnitt: Riemchen<br \/>\nHoher Bund<br \/>\n95% Polyester, 5% Elasthan<br \/>\nBlusenbody<br \/>\nModellnummer: D9-bodysuit013-XS<br \/>\n\u00c4rmell\u00e4nge: Ohne \u00c4rmel<br \/>\nStoff: Der Stoff ist etwas dehnbar<br \/>\n<div class=\"main-cross-sell\" data-asin=\"B07KXSKRJX\">\n\n\t<div class=\"WooZone-cross-sell-loader\">\n\t\t<div>\n\t\t\t<div id=\"floatingBarsG\">\n\t\t\t\t<div class=\"blockG\" id=\"rotateG_01\"><\/div>\n\t\t\t\t<div class=\"blockG\" id=\"rotateG_02\"><\/div>\n\t\t\t\t<div class=\"blockG\" id=\"rotateG_03\"><\/div>\n\t\t\t\t<div class=\"blockG\" id=\"rotateG_04\"><\/div>\n\t\t\t\t<div class=\"blockG\" id=\"rotateG_05\"><\/div>\n\t\t\t\t<div class=\"blockG\" id=\"rotateG_06\"><\/div>\n\t\t\t\t<div class=\"blockG\" id=\"rotateG_07\"><\/div>\n\t\t\t\t<div class=\"blockG\" id=\"rotateG_08\"><\/div>\n\t\t\t<\/div>\n\t\t\t<div class=\"WooZone-cross-sell-loader-text\"><\/div>\n\t\t<\/div>\n\t<\/div>\n\n\t\t\n<\/div>\n<div style=\"clear:both;\"><\/div>\n","protected":false},"excerpt":{"rendered":"<p>Stil: Casual<br \/>\nAusschnitt: Riemchen<br \/>\nHoher Bund<\/p>\n","protected":false},"featured_media":2200,"template":"","meta":[],"etheme_brands":[],"class_list":{"0":"post-2199","1":"product","2":"type-product","3":"status-publish","4":"has-post-thumbnail","6":"product_cat-sets-mit-body","8":"first","9":"instock","10":"taxable","11":"shipping-taxable","12":"product-type-external"},"_links":{"self":[{"href":"https:\/\/eventparadies.com\/index.php?rest_route=\/wp\/v2\/product\/2199","targetHints":{"allow":["GET"]}}],"collection":[{"href":"https:\/\/eventparadies.com\/index.php?rest_route=\/wp\/v2\/product"}],"about":[{"href":"https:\/\/eventparadies.com\/index.php?rest_route=\/wp\/v2\/types\/product"}],"wp:featuredmedia":[{"embeddable":true,"href":"https:\/\/eventparadies.com\/index.php?rest_route=\/wp\/v2\/media\/2200"}],"wp:attachment":[{"href":"https:\/\/eventparadies.com\/index.php?rest_route=%2Fwp%2Fv2%2Fmedia&parent=2199"}],"wp:term":[{"taxonomy":"brand","embeddable":true,"href":"https:\/\/eventparadies.com\/index.php?rest_route=%2Fwp%2Fv2%2Fetheme_brands&post=2199"}],"curies":[{"name":"wp","href":"https:\/\/api.w.org\/{rel}","templated":true}]}}