{"id":2194,"date":"2020-03-28T18:08:18","date_gmt":"2020-03-28T18:08:18","guid":{"rendered":"https:\/\/klamottenbude24.de\/?product=avidlove-damen-spitze-dessous-set-one-piece-reizwaesche-rueckenfrei-nachtwaesche"},"modified":"2023-04-07T22:11:04","modified_gmt":"2023-04-07T22:11:04","slug":"avidlove-damen-spitze-dessous-set-one-piece-reizwaesche-rueckenfrei-nachtwaesche","status":"publish","type":"product","link":"https:\/\/eventparadies.com\/?product=avidlove-damen-spitze-dessous-set-one-piece-reizwaesche-rueckenfrei-nachtwaesche","title":{"rendered":"Avidlove Damen Spitze Dessous Set One-Piece Reizw\u00e4sche R\u00fcckenfrei Nachtw\u00e4sche"},"content":{"rendered":"<p>Sexy One Piece Patchwork Dessous Set von Avidlove<br \/>\nMuster: Neckholder, Einteiler Dessous Bodysuit, Kontrastfarben-Patchwork, Hohle Spitze, G-String Stil darunten<br \/>\nPflegehinweis: Handw\u00e4sche max 40 Grad Celsius, h\u00e4ngen zu trocknen, B\u00fcgeln max 110 ?<br \/>\nModellnummer: **ALL005102_BL_S##<br \/>\nAnl\u00e4sse: Schlaf-Tragen, Nacht-Tragen<br \/>\nS: Brust:85-88cm Taille: 72-80cm L\u00e4nge: 72cm M: Brust:88-92cm Taille: 74-82cm L\u00e4nge: 73cm L: Brust:92-96cm Taille: 76-84cm L\u00e4nge: 74cm XL: Brust:96-104cm Taille: 78-86cm L\u00e4nge: 75cm XXL: Brust:104-112cm Taille: 80-88cm L\u00e4nge: 76cm<br \/>\nPaket Inhalt: 1x Bodysuit<br \/>\n<div class=\"main-cross-sell\" data-asin=\"B071F8J7K2\">\n\n\t<div class=\"WooZone-cross-sell-loader\">\n\t\t<div>\n\t\t\t<div id=\"floatingBarsG\">\n\t\t\t\t<div class=\"blockG\" id=\"rotateG_01\"><\/div>\n\t\t\t\t<div class=\"blockG\" id=\"rotateG_02\"><\/div>\n\t\t\t\t<div class=\"blockG\" id=\"rotateG_03\"><\/div>\n\t\t\t\t<div class=\"blockG\" id=\"rotateG_04\"><\/div>\n\t\t\t\t<div class=\"blockG\" id=\"rotateG_05\"><\/div>\n\t\t\t\t<div class=\"blockG\" id=\"rotateG_06\"><\/div>\n\t\t\t\t<div class=\"blockG\" id=\"rotateG_07\"><\/div>\n\t\t\t\t<div class=\"blockG\" id=\"rotateG_08\"><\/div>\n\t\t\t<\/div>\n\t\t\t<div class=\"WooZone-cross-sell-loader-text\"><\/div>\n\t\t<\/div>\n\t<\/div>\n\n\t\t\n<\/div>\n<div style=\"clear:both;\"><\/div>\n","protected":false},"excerpt":{"rendered":"<p>Sexy One Piece Patchwork Dessous Set von Avidlove<br \/>\nMuster: Neckholder, Einteiler Dessous Bodysuit, Kontrastfarben-Patchwork, Hohle Spitze, G-String Stil darunten<br \/>\nPflegehinweis: Handw\u00e4sche max 40 Grad Celsius, h\u00e4ngen zu trocknen, B\u00fcgeln max 110 ?<\/p>\n","protected":false},"featured_media":2195,"template":"","meta":[],"etheme_brands":[],"class_list":{"0":"post-2194","1":"product","2":"type-product","3":"status-publish","4":"has-post-thumbnail","6":"product_cat-sets-mit-body","8":"first","9":"instock","10":"taxable","11":"shipping-taxable","12":"product-type-external"},"_links":{"self":[{"href":"https:\/\/eventparadies.com\/index.php?rest_route=\/wp\/v2\/product\/2194","targetHints":{"allow":["GET"]}}],"collection":[{"href":"https:\/\/eventparadies.com\/index.php?rest_route=\/wp\/v2\/product"}],"about":[{"href":"https:\/\/eventparadies.com\/index.php?rest_route=\/wp\/v2\/types\/product"}],"wp:featuredmedia":[{"embeddable":true,"href":"https:\/\/eventparadies.com\/index.php?rest_route=\/wp\/v2\/media\/2195"}],"wp:attachment":[{"href":"https:\/\/eventparadies.com\/index.php?rest_route=%2Fwp%2Fv2%2Fmedia&parent=2194"}],"wp:term":[{"taxonomy":"brand","embeddable":true,"href":"https:\/\/eventparadies.com\/index.php?rest_route=%2Fwp%2Fv2%2Fetheme_brands&post=2194"}],"curies":[{"name":"wp","href":"https:\/\/api.w.org\/{rel}","templated":true}]}}