{"id":2186,"date":"2020-03-28T18:08:15","date_gmt":"2020-03-28T18:08:15","guid":{"rendered":"https:\/\/klamottenbude24.de\/?product=skiny-damen-bella-arm-formender-body"},"modified":"2023-04-07T22:11:04","modified_gmt":"2023-04-07T22:11:04","slug":"skiny-damen-bella-arm-formender-body","status":"publish","type":"product","link":"https:\/\/eventparadies.com\/?product=skiny-damen-bella-arm-formender-body","title":{"rendered":"Skiny Damen Bella Arm Formender Body"},"content":{"rendered":"<p><!-- show up to 2 reviews by default --> <\/p>\n<p>Dieser \u00e4rmellose Body f\u00fcr Damen ist die Kr\u00f6nung der Tagw\u00e4sche-Serie Bella. Seine d\u00fcnnen Spaghettitr\u00e4ger, die feinen Spitzenkanten und der feminine Farbton machen ihn zu einem wahren Hingucker. Der elastische Baumwoll-Modal-Mix streichelt sanft die Haut und ein Elasthan-Anteil sorgt f\u00fcr Flexibilit\u00e4t. <\/p>\n<p>Damen-Body ohne Arm mit verstellbaren Spaghettitr\u00e4gern, Filigrane Spitze an den Abschl\u00fcssen und am Unterbrustband<br \/>\nFlache Kanten, die unter figurnaher Kleidung verschwinden, Einfaches \u00d6ffnen und Schlie\u00dfen durch Druckkn\u00f6pfe, Spitzenbody ohne Polsterung f\u00fcr ein nat\u00fcrliches Dekollet\u00e9<br \/>\n51% Modal, 41% Baumwolle, 8% Elasthan; Spitze: 90% Polyamid, 10% Elasthan<br \/>\nBody<br \/>\nPflegehinweis: Maschinenw\u00e4sche warm (40\u00b0 +)<br \/>\nModellnummer: 85231<br \/>\n<div class=\"main-cross-sell\" data-asin=\"B07NBZVQQ2\">\n\n\t<div class=\"WooZone-cross-sell-loader\">\n\t\t<div>\n\t\t\t<div id=\"floatingBarsG\">\n\t\t\t\t<div class=\"blockG\" id=\"rotateG_01\"><\/div>\n\t\t\t\t<div class=\"blockG\" id=\"rotateG_02\"><\/div>\n\t\t\t\t<div class=\"blockG\" id=\"rotateG_03\"><\/div>\n\t\t\t\t<div class=\"blockG\" id=\"rotateG_04\"><\/div>\n\t\t\t\t<div class=\"blockG\" id=\"rotateG_05\"><\/div>\n\t\t\t\t<div class=\"blockG\" id=\"rotateG_06\"><\/div>\n\t\t\t\t<div class=\"blockG\" id=\"rotateG_07\"><\/div>\n\t\t\t\t<div class=\"blockG\" id=\"rotateG_08\"><\/div>\n\t\t\t<\/div>\n\t\t\t<div class=\"WooZone-cross-sell-loader-text\"><\/div>\n\t\t<\/div>\n\t<\/div>\n\n\t\t\n<\/div>\n<div style=\"clear:both;\"><\/div>\n","protected":false},"excerpt":{"rendered":"<p>Damen-Body ohne Arm mit verstellbaren Spaghettitr\u00e4gern, Filigrane Spitze an den Abschl\u00fcssen und am Unterbrustband<br \/>\nFlache Kanten, die unter figurnaher Kleidung verschwinden, Einfaches \u00d6ffnen und Schlie\u00dfen durch Druckkn\u00f6pfe, Spitzenbody ohne Polsterung f\u00fcr ein nat\u00fcrliches Dekollet\u00e9<br \/>\n51% Modal, 41% Baumwolle, 8% Elasthan; Spitze: 90% Polyamid, 10% Elasthan<\/p>\n","protected":false},"featured_media":2187,"template":"","meta":[],"etheme_brands":[],"class_list":{"0":"post-2186","1":"product","2":"type-product","3":"status-publish","4":"has-post-thumbnail","6":"product_cat-sets-mit-body","8":"first","9":"instock","10":"taxable","11":"shipping-taxable","12":"product-type-external"},"_links":{"self":[{"href":"https:\/\/eventparadies.com\/index.php?rest_route=\/wp\/v2\/product\/2186","targetHints":{"allow":["GET"]}}],"collection":[{"href":"https:\/\/eventparadies.com\/index.php?rest_route=\/wp\/v2\/product"}],"about":[{"href":"https:\/\/eventparadies.com\/index.php?rest_route=\/wp\/v2\/types\/product"}],"wp:featuredmedia":[{"embeddable":true,"href":"https:\/\/eventparadies.com\/index.php?rest_route=\/wp\/v2\/media\/2187"}],"wp:attachment":[{"href":"https:\/\/eventparadies.com\/index.php?rest_route=%2Fwp%2Fv2%2Fmedia&parent=2186"}],"wp:term":[{"taxonomy":"brand","embeddable":true,"href":"https:\/\/eventparadies.com\/index.php?rest_route=%2Fwp%2Fv2%2Fetheme_brands&post=2186"}],"curies":[{"name":"wp","href":"https:\/\/api.w.org\/{rel}","templated":true}]}}