{"id":2178,"date":"2020-03-28T18:08:11","date_gmt":"2020-03-28T18:08:11","guid":{"rendered":"https:\/\/klamottenbude24.de\/?product=skiny-damen-bodys-body-collection-body-kurzarm"},"modified":"2023-04-07T22:11:04","modified_gmt":"2023-04-07T22:11:04","slug":"skiny-damen-bodys-body-collection-body-kurzarm","status":"publish","type":"product","link":"https:\/\/eventparadies.com\/?product=skiny-damen-bodys-body-collection-body-kurzarm","title":{"rendered":"Skiny Damen Bodys Body Collection Body Kurzarm"},"content":{"rendered":"<p><!-- show up to 2 reviews by default --> <\/p>\n<p>Bodies are back! Mit dieser Nachricht pr\u00e4sentieren wir stolz unseren Allzeit-Klassiker, den Body. Mit kurzen Armen ist dieser Body Must-have f\u00fcr k\u00fchlere Tage. Ob im Winter unter Kleidern, Shirts oder Pullovern, mit diesem Body bleiben die empfindlichen Nieren auch an k\u00e4ltesten Tagen warm und gesch\u00fctzt. Auch im Sommer k\u00f6nnen wir von den praktischen Bodies nie genug bekommen. Ob zum Rock, Jeans oder Hose, Bodies sind einfach immer wieder tolle Hingucker! <\/p>\n<p>Skiny Damen kurzarm-Body mit Rundhalsausschnitt aus hochelastischer, herrlich bequemer Baumwollqualit\u00e4t<br \/>\nFlache Knopfleiste zum Verschluss mit drei Kn\u00f6pfen im Schritt. Seamless N\u00e4hte.<br \/>\nKragenform: Rundhals<br \/>\nKurzarm<br \/>\nVerschluss: Druckkn\u00f6pfe im Schritt<br \/>\n95% Baumwolle, 5% Elasthan<br \/>\ncasual, klassisch<br \/>\nPflegehinweis: Maschinenw\u00e4sche warm (40\u00b0 +)<br \/>\nModellnummer: 81510<br \/>\n<div class=\"main-cross-sell\" data-asin=\"B001LV3ZAE\">\n\n\t<div class=\"WooZone-cross-sell-loader\">\n\t\t<div>\n\t\t\t<div id=\"floatingBarsG\">\n\t\t\t\t<div class=\"blockG\" id=\"rotateG_01\"><\/div>\n\t\t\t\t<div class=\"blockG\" id=\"rotateG_02\"><\/div>\n\t\t\t\t<div class=\"blockG\" id=\"rotateG_03\"><\/div>\n\t\t\t\t<div class=\"blockG\" id=\"rotateG_04\"><\/div>\n\t\t\t\t<div class=\"blockG\" id=\"rotateG_05\"><\/div>\n\t\t\t\t<div class=\"blockG\" id=\"rotateG_06\"><\/div>\n\t\t\t\t<div class=\"blockG\" id=\"rotateG_07\"><\/div>\n\t\t\t\t<div class=\"blockG\" id=\"rotateG_08\"><\/div>\n\t\t\t<\/div>\n\t\t\t<div class=\"WooZone-cross-sell-loader-text\"><\/div>\n\t\t<\/div>\n\t<\/div>\n\n\t\t\n<\/div>\n<div style=\"clear:both;\"><\/div>\n","protected":false},"excerpt":{"rendered":"<p>Skiny Damen kurzarm-Body mit Rundhalsausschnitt aus hochelastischer, herrlich bequemer Baumwollqualit\u00e4t<br \/>\nFlache Knopfleiste zum Verschluss mit drei Kn\u00f6pfen im Schritt. Seamless N\u00e4hte.<br \/>\nKragenform: Rundhals<\/p>\n","protected":false},"featured_media":2179,"template":"","meta":[],"etheme_brands":[],"class_list":{"0":"post-2178","1":"product","2":"type-product","3":"status-publish","4":"has-post-thumbnail","6":"product_cat-sets-mit-body","8":"first","9":"instock","10":"taxable","11":"shipping-taxable","12":"product-type-external"},"_links":{"self":[{"href":"https:\/\/eventparadies.com\/index.php?rest_route=\/wp\/v2\/product\/2178","targetHints":{"allow":["GET"]}}],"collection":[{"href":"https:\/\/eventparadies.com\/index.php?rest_route=\/wp\/v2\/product"}],"about":[{"href":"https:\/\/eventparadies.com\/index.php?rest_route=\/wp\/v2\/types\/product"}],"wp:featuredmedia":[{"embeddable":true,"href":"https:\/\/eventparadies.com\/index.php?rest_route=\/wp\/v2\/media\/2179"}],"wp:attachment":[{"href":"https:\/\/eventparadies.com\/index.php?rest_route=%2Fwp%2Fv2%2Fmedia&parent=2178"}],"wp:term":[{"taxonomy":"brand","embeddable":true,"href":"https:\/\/eventparadies.com\/index.php?rest_route=%2Fwp%2Fv2%2Fetheme_brands&post=2178"}],"curies":[{"name":"wp","href":"https:\/\/api.w.org\/{rel}","templated":true}]}}