{"id":2171,"date":"2020-03-28T18:08:08","date_gmt":"2020-03-28T18:08:08","guid":{"rendered":"https:\/\/klamottenbude24.de\/?product=triumph-damen-formender-body-formfit-bs"},"modified":"2023-04-07T22:11:04","modified_gmt":"2023-04-07T22:11:04","slug":"triumph-damen-formender-body-formfit-bs","status":"publish","type":"product","link":"https:\/\/eventparadies.com\/?product=triumph-damen-formender-body-formfit-bs","title":{"rendered":"Triumph Body Formfit BS X B-D 80-100"},"content":{"rendered":"<p><!-- show up to 2 reviews by default --> <\/p>\n<p>Dezentes Modellieren ist der verantwortungsvolle Job von Shapewear \u2013 Unterw\u00e4sche aus figurformender Qualit\u00e4t, die st\u00fctzt, ein bisschen schummelt und trotzdem mit angenehmem Tragekomfort begeistert&#8230; So wie dieses Korselett von Triumph! Dar\u00fcber hinaus garantiert der verstellbare Hakenverschluss im Schritt ein leichtes An- und Ausziehen. Und f\u00fchlen Sie doch mal: Das blickdichte Material \u00fcberzeugt mit elastischen Eigenschaften.<\/p>\n<ul>\n<li><b>Produkt-Typ<\/b> : Korselett<\/li>\n<li><b>Zielgruppe<\/b> : Damen<\/li>\n<li><b>Form<\/b> : Geschlossene Form<\/li>\n<li><b>Tr\u00e4gerverstellung<\/b> : Hinten<\/li>\n<li><b>Beinschnitt<\/b> : Gerades Bein<\/li>\n<li><b>Cupverarbeitung<\/b> : Gen\u00e4hte Cups<\/li>\n<li><b>Formb\u00fcgel<\/b> : Ohne B\u00fcgel<\/li>\n<li><b>Verschluss<\/b> : Verstellbarer Hakenverschluss im Schritt<\/li>\n<li><b>Besonderheiten<\/b> : Baumwollfutter im Schritt<\/li>\n<li><b>Transparenz<\/b> : Blickdicht<\/li>\n<li><b>Materialeigenschaften<\/b> : Elastisch<\/li>\n<li><b>\u00c4rmell\u00e4nge<\/b> : \u00c4rmellos<\/li>\n<li><b>Cupgr\u00f6\u00dfe<\/b> : B<\/li>\n<li><b>Muster<\/b> : Uni<\/li>\n<li><b>Farbfamilie<\/b> : Natur<\/li>\n<li><b>Farbbezeichnung<\/b> : hautfarben<\/li>\n<li><b>Herstellerfarbbezeichnung<\/b> : Haut 26<\/li>\n<li><b>Pflegehinweise<\/b> : Maschinenw\u00e4sche<\/li>\n<\/ul>\n<p><b>Materialzusammensetzung:<\/b><\/p>\n<ul>\n<li>Material : 54% Polyamid 22% Baumwolle 19% Elasthan 5% Polyester <\/li>\n<\/ul>\n<p>Markenqualit\u00e4t<br \/>\nDer Klassiker von Triumph<br \/>\n54% Polyamid, 22% Baumwolle, 19% Elasthan, 5% Polyester<br \/>\nB\u00fcgelloser<br \/>\nModellnummer: 111201<br \/>\nF\u00fcr eine rundum gute Figur<br \/>\nMaterial: 54% Polyamid 22% Baumwolle 19% Elasthan 5% Polyester<br \/>\n<div class=\"main-cross-sell\" data-asin=\"B001EKQ60I\">\n\n\t<div class=\"WooZone-cross-sell-loader\">\n\t\t<div>\n\t\t\t<div id=\"floatingBarsG\">\n\t\t\t\t<div class=\"blockG\" id=\"rotateG_01\"><\/div>\n\t\t\t\t<div class=\"blockG\" id=\"rotateG_02\"><\/div>\n\t\t\t\t<div class=\"blockG\" id=\"rotateG_03\"><\/div>\n\t\t\t\t<div class=\"blockG\" id=\"rotateG_04\"><\/div>\n\t\t\t\t<div class=\"blockG\" id=\"rotateG_05\"><\/div>\n\t\t\t\t<div class=\"blockG\" id=\"rotateG_06\"><\/div>\n\t\t\t\t<div class=\"blockG\" id=\"rotateG_07\"><\/div>\n\t\t\t\t<div class=\"blockG\" id=\"rotateG_08\"><\/div>\n\t\t\t<\/div>\n\t\t\t<div class=\"WooZone-cross-sell-loader-text\"><\/div>\n\t\t<\/div>\n\t<\/div>\n\n\t\t\n<\/div>\n<div style=\"clear:both;\"><\/div>\n","protected":false},"excerpt":{"rendered":"<p>Markenqualit\u00e4t<br \/>\nDer Klassiker von Triumph<br \/>\n54% Polyamid, 22% Baumwolle, 19% Elasthan, 5% Polyester<\/p>\n","protected":false},"featured_media":2172,"template":"","meta":[],"etheme_brands":[],"class_list":{"0":"post-2171","1":"product","2":"type-product","3":"status-publish","4":"has-post-thumbnail","6":"product_cat-sets-mit-body","8":"first","9":"instock","10":"taxable","11":"shipping-taxable","12":"product-type-external"},"_links":{"self":[{"href":"https:\/\/eventparadies.com\/index.php?rest_route=\/wp\/v2\/product\/2171","targetHints":{"allow":["GET"]}}],"collection":[{"href":"https:\/\/eventparadies.com\/index.php?rest_route=\/wp\/v2\/product"}],"about":[{"href":"https:\/\/eventparadies.com\/index.php?rest_route=\/wp\/v2\/types\/product"}],"wp:featuredmedia":[{"embeddable":true,"href":"https:\/\/eventparadies.com\/index.php?rest_route=\/wp\/v2\/media\/2172"}],"wp:attachment":[{"href":"https:\/\/eventparadies.com\/index.php?rest_route=%2Fwp%2Fv2%2Fmedia&parent=2171"}],"wp:term":[{"taxonomy":"brand","embeddable":true,"href":"https:\/\/eventparadies.com\/index.php?rest_route=%2Fwp%2Fv2%2Fetheme_brands&post=2171"}],"curies":[{"name":"wp","href":"https:\/\/api.w.org\/{rel}","templated":true}]}}