{"id":1989,"date":"2020-03-28T17:27:45","date_gmt":"2020-03-28T17:27:45","guid":{"rendered":"https:\/\/klamottenbude24.de\/?product=koucla-highcollar-wetlook-lederlook-lack-optik-catsuit-overall"},"modified":"2023-04-09T21:37:14","modified_gmt":"2023-04-09T21:37:14","slug":"koucla-highcollar-wetlook-lederlook-lack-optik-catsuit-overall","status":"publish","type":"product","link":"https:\/\/eventparadies.com\/?product=koucla-highcollar-wetlook-lederlook-lack-optik-catsuit-overall","title":{"rendered":"Koucla Hei\u00dfer Maxi-Catsuit im Latex-Look"},"content":{"rendered":"<p><!-- show up to 2 reviews by default --> <\/p>\n<p>Sexy Gogo-Overall<br \/> Bitte beachten:<br \/>S = 34,36, M = 36,38, L = 38,40, XL = 40 und 42<\/p>\n<p>Knallenger Long-Catsuit aus d\u00fcnnem Stretch-Material mit gl\u00e4nzender Latex-Look-Oberfl\u00e4che. Turtel-Neck. Langarm. Verdeckter Rei\u00dfverschluss hinten in der Mitte.<br \/>Material: 95% Polyester, 5% Baumwolle<\/p>\n<p>Knallenger Long-Catsuit aus d\u00fcnnem Stretch-Material mit gl\u00e4nzender Latex-Look-Oberfl\u00e4che<br \/>\nTurtel-Neck<br \/>\nLange \u00c4rmel<br \/>\nVerschluss: Rei\u00dfverschluss<br \/>\n95% Polyester, 5% Baumwolle<br \/>\nSchlauch<br \/>\nPflegehinweis: Maschinenw\u00e4sche( Waschen bei 30\u00b0)<br \/>\nLangarm<br \/>\nVerdeckter Rei\u00dfverschluss hinten in der Mitte<br \/>\n<div class=\"main-cross-sell\" data-asin=\"B07RPFXLVM\">\n\n\t<div class=\"WooZone-cross-sell-loader\">\n\t\t<div>\n\t\t\t<div id=\"floatingBarsG\">\n\t\t\t\t<div class=\"blockG\" id=\"rotateG_01\"><\/div>\n\t\t\t\t<div class=\"blockG\" id=\"rotateG_02\"><\/div>\n\t\t\t\t<div class=\"blockG\" id=\"rotateG_03\"><\/div>\n\t\t\t\t<div class=\"blockG\" id=\"rotateG_04\"><\/div>\n\t\t\t\t<div class=\"blockG\" id=\"rotateG_05\"><\/div>\n\t\t\t\t<div class=\"blockG\" id=\"rotateG_06\"><\/div>\n\t\t\t\t<div class=\"blockG\" id=\"rotateG_07\"><\/div>\n\t\t\t\t<div class=\"blockG\" id=\"rotateG_08\"><\/div>\n\t\t\t<\/div>\n\t\t\t<div class=\"WooZone-cross-sell-loader-text\"><\/div>\n\t\t<\/div>\n\t<\/div>\n\n\t\t\n<\/div>\n<div style=\"clear:both;\"><\/div>\n","protected":false},"excerpt":{"rendered":"<p>Knallenger Long-Catsuit aus d\u00fcnnem Stretch-Material mit gl\u00e4nzender Latex-Look-Oberfl\u00e4che<br \/>\nTurtel-Neck<br \/>\nLange \u00c4rmel<\/p>\n","protected":false},"featured_media":1990,"template":"","meta":[],"etheme_brands":[],"class_list":{"0":"post-1989","1":"product","2":"type-product","3":"status-publish","4":"has-post-thumbnail","6":"product_cat-lack-und-leder","8":"first","9":"instock","10":"taxable","11":"shipping-taxable","12":"product-type-external"},"_links":{"self":[{"href":"https:\/\/eventparadies.com\/index.php?rest_route=\/wp\/v2\/product\/1989","targetHints":{"allow":["GET"]}}],"collection":[{"href":"https:\/\/eventparadies.com\/index.php?rest_route=\/wp\/v2\/product"}],"about":[{"href":"https:\/\/eventparadies.com\/index.php?rest_route=\/wp\/v2\/types\/product"}],"wp:featuredmedia":[{"embeddable":true,"href":"https:\/\/eventparadies.com\/index.php?rest_route=\/wp\/v2\/media\/1990"}],"wp:attachment":[{"href":"https:\/\/eventparadies.com\/index.php?rest_route=%2Fwp%2Fv2%2Fmedia&parent=1989"}],"wp:term":[{"taxonomy":"brand","embeddable":true,"href":"https:\/\/eventparadies.com\/index.php?rest_route=%2Fwp%2Fv2%2Fetheme_brands&post=1989"}],"curies":[{"name":"wp","href":"https:\/\/api.w.org\/{rel}","templated":true}]}}