{"id":1943,"date":"2020-03-28T17:27:29","date_gmt":"2020-03-28T17:27:29","guid":{"rendered":"https:\/\/klamottenbude24.de\/?product=elara-damen-hose-kunstleder-push-up-effekt-chunkyrayan"},"modified":"2023-04-09T21:37:13","modified_gmt":"2023-04-09T21:37:13","slug":"elara-damen-hose-kunstleder-push-up-effekt-chunkyrayan","status":"publish","type":"product","link":"https:\/\/eventparadies.com\/?product=elara-damen-hose-kunstleder-push-up-effekt-chunkyrayan","title":{"rendered":"Elara Damen Hose Kunstleder Push Up Effekt Chunkyrayan"},"content":{"rendered":"<p><!-- show up to 2 reviews by default --> <\/p>\n<p>Die Hosen zeichnen sich durch einen <b>bequemen Tragekomfort<\/b> und <b>hochwertige Verarbeitung<\/b> aus. <\/p>\n<p> Der trendige <b>Skinny Schnitt<\/b> sorgt f\u00fcr einen angenehmen Sitz. <\/p>\n<p> Durch den <b>Materialmix<\/b> besitzen die Hosen Stretch-Eigenschaften, welche sie zu einem <b>gem\u00fctlichen<\/b> aber gleichzeitig <b>robusten<\/b> Alltagsbegleiter machen. <\/p>\n<p> Verschiedene Farbvariationen bieten unz\u00e4hlige Kombinationsm\u00f6glichkeiten. <\/p>\n<p><b> * trendaktuelle Skinny Treggings mit Push Up Effekt <br \/> * hoher Tragekomfort und sehr bequem <br \/> * schmale Fu\u00dfweite und modische Passform <br \/> * funktionale Taschen <br \/><\/b><\/p>\n<p><b>Gr\u00f6\u00dfenhinweise basieren auf der Mehrheit von Kundenmeinungen. Angaben ohne Gew\u00e4hr.<\/b> <\/p>\n<p>Skinny Fit Hose im Treggings Stil mit Stretchanteil<br \/>\nGlatte und dehnbare Oberfl\u00e4che<br \/>\nHoher Bund<br \/>\nVerschluss: Rei\u00dfverschluss<br \/>\n60% Baumwolle, 34% Polyester, 6% Elasthan<br \/>\nSkinny<br \/>\nModellnummer: E620 Black-34<br \/>\nFigurbetonter Sitz und hoher Tragekomfort<br \/>\nVerschluss: Hoher Bund, Knopf und Rei\u00dfverschluss<br \/>\n<div class=\"main-cross-sell\" data-asin=\"B07QWVJ1PZ\">\n\n\t<div class=\"WooZone-cross-sell-loader\">\n\t\t<div>\n\t\t\t<div id=\"floatingBarsG\">\n\t\t\t\t<div class=\"blockG\" id=\"rotateG_01\"><\/div>\n\t\t\t\t<div class=\"blockG\" id=\"rotateG_02\"><\/div>\n\t\t\t\t<div class=\"blockG\" id=\"rotateG_03\"><\/div>\n\t\t\t\t<div class=\"blockG\" id=\"rotateG_04\"><\/div>\n\t\t\t\t<div class=\"blockG\" id=\"rotateG_05\"><\/div>\n\t\t\t\t<div class=\"blockG\" id=\"rotateG_06\"><\/div>\n\t\t\t\t<div class=\"blockG\" id=\"rotateG_07\"><\/div>\n\t\t\t\t<div class=\"blockG\" id=\"rotateG_08\"><\/div>\n\t\t\t<\/div>\n\t\t\t<div class=\"WooZone-cross-sell-loader-text\"><\/div>\n\t\t<\/div>\n\t<\/div>\n\n\t\t\n<\/div>\n<div style=\"clear:both;\"><\/div>\n","protected":false},"excerpt":{"rendered":"<p>Skinny Fit Hose im Treggings Stil mit Stretchanteil<br \/>\nGlatte und dehnbare Oberfl\u00e4che<br \/>\nHoher Bund<\/p>\n","protected":false},"featured_media":1944,"template":"","meta":[],"etheme_brands":[],"class_list":{"0":"post-1943","1":"product","2":"type-product","3":"status-publish","4":"has-post-thumbnail","6":"product_cat-lack-und-leder","8":"first","9":"instock","10":"taxable","11":"shipping-taxable","12":"product-type-external"},"_links":{"self":[{"href":"https:\/\/eventparadies.com\/index.php?rest_route=\/wp\/v2\/product\/1943","targetHints":{"allow":["GET"]}}],"collection":[{"href":"https:\/\/eventparadies.com\/index.php?rest_route=\/wp\/v2\/product"}],"about":[{"href":"https:\/\/eventparadies.com\/index.php?rest_route=\/wp\/v2\/types\/product"}],"wp:featuredmedia":[{"embeddable":true,"href":"https:\/\/eventparadies.com\/index.php?rest_route=\/wp\/v2\/media\/1944"}],"wp:attachment":[{"href":"https:\/\/eventparadies.com\/index.php?rest_route=%2Fwp%2Fv2%2Fmedia&parent=1943"}],"wp:term":[{"taxonomy":"brand","embeddable":true,"href":"https:\/\/eventparadies.com\/index.php?rest_route=%2Fwp%2Fv2%2Fetheme_brands&post=1943"}],"curies":[{"name":"wp","href":"https:\/\/api.w.org\/{rel}","templated":true}]}}