{"id":1831,"date":"2020-03-28T17:07:23","date_gmt":"2020-03-28T17:07:23","guid":{"rendered":"https:\/\/klamottenbude24.de\/?product=yeehoo-traegerloses-lederkleid-simili-mini-reissverschluss-vorne-ausschnitt-stretch-fit"},"modified":"2023-04-09T21:37:13","modified_gmt":"2023-04-09T21:37:13","slug":"yeehoo-traegerloses-lederkleid-simili-mini-reissverschluss-vorne-ausschnitt-stretch-fit","status":"publish","type":"product","link":"https:\/\/eventparadies.com\/?product=yeehoo-traegerloses-lederkleid-simili-mini-reissverschluss-vorne-ausschnitt-stretch-fit","title":{"rendered":"YeeHoo Tr\u00e4gerloses Lederkleid Simili Mini Rei\u00dfverschluss vorne Ausschnitt Stretch Fit"},"content":{"rendered":"<p><!-- show up to 2 reviews by default --> <\/p>\n<p>Ocassion: Honigmond, Hochzeitsnacht, Party, \u00fcbliche Nachtw\u00e4sche, Liebesnacht und so weiter <\/p>\n<p>\u00c4rmellos<br \/>\nMini tr\u00e4gerloses Kleid, Frontrei\u00dfverschluss, Kunstleder Stoff, elastisch, sexy und Mode.<br \/>\nPolyester + Spandex<br \/>\nModellnummer: qqy1bs<br \/>\nHelle Farben, der hellste Scheinwerfer am Nachthimmel.<br \/>\nFeminines Glamour-Kleid, deine beste Wahl, um zum Party Cocktail Party Club zu gehen, etc.<br \/>\nMit Feedback, passen Sie die neueste Version von schwarz, neu-schwarz, Gr\u00f6\u00dfe erh\u00f6ht, andere Gr\u00f6\u00dfen bleiben gleich, bitte beachten Sie sorgf\u00e4ltig die entsprechende Gr\u00f6\u00dfentabelle zu w\u00e4hlen.<br \/>\n<div class=\"main-cross-sell\" data-asin=\"B07D5V9VH1\">\n\n\t<div class=\"WooZone-cross-sell-loader\">\n\t\t<div>\n\t\t\t<div id=\"floatingBarsG\">\n\t\t\t\t<div class=\"blockG\" id=\"rotateG_01\"><\/div>\n\t\t\t\t<div class=\"blockG\" id=\"rotateG_02\"><\/div>\n\t\t\t\t<div class=\"blockG\" id=\"rotateG_03\"><\/div>\n\t\t\t\t<div class=\"blockG\" id=\"rotateG_04\"><\/div>\n\t\t\t\t<div class=\"blockG\" id=\"rotateG_05\"><\/div>\n\t\t\t\t<div class=\"blockG\" id=\"rotateG_06\"><\/div>\n\t\t\t\t<div class=\"blockG\" id=\"rotateG_07\"><\/div>\n\t\t\t\t<div class=\"blockG\" id=\"rotateG_08\"><\/div>\n\t\t\t<\/div>\n\t\t\t<div class=\"WooZone-cross-sell-loader-text\"><\/div>\n\t\t<\/div>\n\t<\/div>\n\n\t\t\n<\/div>\n<div style=\"clear:both;\"><\/div>\n","protected":false},"excerpt":{"rendered":"<p>\u00c4rmellos<br \/>\nMini tr\u00e4gerloses Kleid, Frontrei\u00dfverschluss, Kunstleder Stoff, elastisch, sexy und Mode.<br \/>\nPolyester + Spandex<\/p>\n","protected":false},"featured_media":1832,"template":"","meta":[],"etheme_brands":[],"class_list":{"0":"post-1831","1":"product","2":"type-product","3":"status-publish","4":"has-post-thumbnail","6":"product_cat-lack-und-leder","8":"first","9":"instock","10":"taxable","11":"shipping-taxable","12":"product-type-external"},"_links":{"self":[{"href":"https:\/\/eventparadies.com\/index.php?rest_route=\/wp\/v2\/product\/1831","targetHints":{"allow":["GET"]}}],"collection":[{"href":"https:\/\/eventparadies.com\/index.php?rest_route=\/wp\/v2\/product"}],"about":[{"href":"https:\/\/eventparadies.com\/index.php?rest_route=\/wp\/v2\/types\/product"}],"wp:featuredmedia":[{"embeddable":true,"href":"https:\/\/eventparadies.com\/index.php?rest_route=\/wp\/v2\/media\/1832"}],"wp:attachment":[{"href":"https:\/\/eventparadies.com\/index.php?rest_route=%2Fwp%2Fv2%2Fmedia&parent=1831"}],"wp:term":[{"taxonomy":"brand","embeddable":true,"href":"https:\/\/eventparadies.com\/index.php?rest_route=%2Fwp%2Fv2%2Fetheme_brands&post=1831"}],"curies":[{"name":"wp","href":"https:\/\/api.w.org\/{rel}","templated":true}]}}