{"id":1717,"date":"2020-03-28T17:06:32","date_gmt":"2020-03-28T17:06:32","guid":{"rendered":"https:\/\/klamottenbude24.de\/?product=manadlian-buestenhalter-frauen-harness-bh-elastischen-kaefig"},"modified":"2023-04-09T21:37:12","modified_gmt":"2023-04-09T21:37:12","slug":"manadlian-buestenhalter-frauen-harness-bh-elastischen-kaefig","status":"publish","type":"product","link":"https:\/\/eventparadies.com\/?product=manadlian-buestenhalter-frauen-harness-bh-elastischen-kaefig","title":{"rendered":"manadlian B\u00fcstenhalter, Frauen Harness BH Elastischen K\u00e4fig \u2026"},"content":{"rendered":"<p><!-- show up to 2 reviews by default --> <\/p>\n<p>Gr\u00f6\u00dfe: M-B\u00fcste: 94cm\/37,0 &#8222;\u00c4rmel: 57cm\/22,4 &#8220; Taille: 88cm\/34,6 &#8222;L\u00e4nge: 110cm\/43,3 &#8220; Schulter: 37cm\/14,6 &#8222;<\/p>\n<p> Gr\u00f6\u00dfe: L-B\u00fcste: 100cm\/39,4 &#8222;\u00c4rmel: 59cm\/23,2 &#8220; Taille: 94cm\/37,0 &#8222;L\u00e4nge: 112cm\/44,1 &#8220; Schulter: 39cm\/15,4 &#8222;<\/p>\n<p> Gr\u00f6\u00dfe: XL-B\u00fcste: 106cm\/41,7 &#8222;\u00c4rmel: 61cm\/24,0 &#8220; Taille: 100cm\/39,4 &#8222;L\u00e4nge: 114 cm\/44,9 &#8220; Schulter: 41cm\/16.1 &#8222;<\/p>\n<p> Jahreszeit: Fr\u00fchling, Sommer <br \/> Geschlecht: Frau <br \/> Gelegenheit: L\u00e4ssig <br \/> Material: Polyester <br \/> Mustertyp: Drucken <br \/> Stil: L\u00e4ssig <br \/> \u00c4rmell\u00e4nge: Lange \u00c4rmel <br \/> Kragen: O-Ausschnitt <br \/> Passform: F\u00e4llt der Gr\u00f6\u00dfe entsprechend aus <br \/> Dicke: Standard <br \/> Gewicht: 230g <br \/> Wie zu waschen: Handw\u00e4sche kalt, h\u00e4ngen oder Line Dry <br \/> Was Sie bekommen: 1 * Frauen kleiden<br \/> kleider abendkleider abendkleider lang sommerkleider sch\u00f6ne kleider kleider kaufen rock jeansrock lange r\u00f6cke damenr\u00f6cke rock damen etuikleid brautkleider cocktailkleider knielang ballkleider kurz sommerkleider 2016 sommerkleider knielang kleider online damen kleider abendkleider kurz cocktailkleid partykleider lange kleider sommerkleider damen elegante kleider rotes kleid blaues kleid kleid schwarz t\u00fcllrock damen rock lang langer rock r\u00f6cke knielang sommerrock maxirock rock &#8222;festliche kleider ballkleider lange abendkleider kleider online shop abendkleider online wickelkleid abendkleider g\u00fcnstig damen rock festliche r\u00f6cke schwarzer rock strickrock cordrock hosenrock abschlusskleider ballkleider lang wollrock&#8220; <\/p>\n<p>t-shirt chiffon tunika leicht v-ausschnitt festliche blusen einstellbare \u00e4rmeln damen halbarm weites v ausschnitt freizeit durchgef\u00e4rbt bluse top manschetten-\u00e4rmel locker shirt oberteile damen casuel chiffon bluse pinkes shirt seide aufdruck r\u00fcckenfreies aus viskose bunt festliche schulterfreies shirts schn\u00fcr altrosa hellblau pink grau reebok tr\u00e4ger longtops bandeau in schicke elegantes wei\u00df business<br \/>\nhochwertige rotes modische sport spitzenoberteile taillierte top mode schwarze herren g\u00fcnstige v camouflage basic m\u00e4nner blumen wickeloberteil ausgeh zalando damenoberteil hippie bordeaux schleife jeans lang\u00e4rmliges schn\u00fcrung weggehen pastellfarbene thrasher v ausschnitt \u00f6calan lustig frauen oversize polo m\u00e4dchen che guevara osbourne t-shirts champion damen star wars t shirt herren t shirt 110 justin bieber t shirt stranger things shirt pailetten shirt glitzer shirt marc o polo shirt<br \/>\nKragenform: Rundkragen<br \/>\nKurze \u00c4rmel<br \/>\nPolyester<br \/>\nBlusenbody<br \/>\nPflegehinweis: Handw\u00e4sche in kaltem Wasser, Maschinenw\u00e4sche kalt (bis 30-40\u00b0C) ,keine Bleichmittel, nicht f\u00fcr den Trockner und zum B\u00fcgeln geeignet.<br \/>\nModellnummer: Manadlian Damen T shirt ONE<br \/>\nsch\u00f6ne blusen damen g\u00fcnstig rosa bluse kaufen blau kariert festliche hellblau grau t\u00fcrkis f\u00fcr bluse gelb \u00e4rmellos sommerblusen damen blusen online und tu n elegante durchsichtige moderne damenblusen festlich edle sweatshirt pullover bluse oberteile oversized tops t-shirt rundhals falten shirt stretch tunika langarm tiefes v tief-geschnitten hemd transparent mesh clubwear body mode langarmshirts v-ausschnitt<br \/>\neinfarbig locker oberteil spitze gestreiftes braun einfarbige sommershirt oberteile \u00e4rmellose weisses bunt graues khaki printshirt braunes punkte gold schulterfreies halbarm billige gelbes wei\u00dfe g\u00fcnstig mit bund sweatshirt frauen kaufen tops f\u00fcr oberteil sweatshirts blumen kurz warm weich herbst langarmshirts in optik tunkia gro\u00dfe gr\u00f6\u00dfen longshirt asymmetrisch oberteil shirt rollkragenpullover basic \u00f6calan shirts<br \/>\nt shirt tiefer ausschnitt damen t shirt kaufen shirt damen hellblau v shirt damen shirt damen wei\u00df sommer t shirts damen t shirt schwarz v ausschnitt streifenshirt damen rock t shirts damen t shirt langarm shirt kurzarm halbarm shirt damen t shirt damen bedruckte t shirts damen v ausschnitt damen shirt kurz t shirt schwarz wei\u00df gestreift damen lockeres shirt damen t shirt wei\u00df justin bieber t shirt kurz v ausschnitt t shirt schlafshirt frauen wei\u00dfes t shirt damen hip hop t shirts<br \/>\n<div class=\"main-cross-sell\" data-asin=\"B06Y14ZT1R\">\n\n\t<div class=\"WooZone-cross-sell-loader\">\n\t\t<div>\n\t\t\t<div id=\"floatingBarsG\">\n\t\t\t\t<div class=\"blockG\" id=\"rotateG_01\"><\/div>\n\t\t\t\t<div class=\"blockG\" id=\"rotateG_02\"><\/div>\n\t\t\t\t<div class=\"blockG\" id=\"rotateG_03\"><\/div>\n\t\t\t\t<div class=\"blockG\" id=\"rotateG_04\"><\/div>\n\t\t\t\t<div class=\"blockG\" id=\"rotateG_05\"><\/div>\n\t\t\t\t<div class=\"blockG\" id=\"rotateG_06\"><\/div>\n\t\t\t\t<div class=\"blockG\" id=\"rotateG_07\"><\/div>\n\t\t\t\t<div class=\"blockG\" id=\"rotateG_08\"><\/div>\n\t\t\t<\/div>\n\t\t\t<div class=\"WooZone-cross-sell-loader-text\"><\/div>\n\t\t<\/div>\n\t<\/div>\n\n\t\t\n<\/div>\n<div style=\"clear:both;\"><\/div>\n","protected":false},"excerpt":{"rendered":"<p>t-shirt chiffon tunika leicht v-ausschnitt festliche blusen einstellbare \u00e4rmeln damen halbarm weites v ausschnitt freizeit durchgef\u00e4rbt bluse top manschetten-\u00e4rmel locker shirt oberteile damen casuel chiffon bluse pinkes shirt seide aufdruck r\u00fcckenfreies aus viskose bunt festliche schulterfreies shirts schn\u00fcr altrosa hellblau pink grau reebok tr\u00e4ger longtops bandeau in schicke elegantes wei\u00df business<br \/>\nhochwertige rotes modische sport spitzenoberteile taillierte top mode schwarze herren g\u00fcnstige v camouflage basic m\u00e4nner blumen wickeloberteil ausgeh zalando damenoberteil hippie bordeaux schleife jeans lang\u00e4rmliges schn\u00fcrung weggehen pastellfarbene thrasher v ausschnitt \u00f6calan lustig frauen oversize polo m\u00e4dchen che guevara osbourne t-shirts champion damen star wars t shirt herren t shirt 110 justin bieber t shirt stranger things shirt pailetten shirt glitzer shirt marc o polo shirt<br \/>\nKragenform: Rundkragen<\/p>\n","protected":false},"featured_media":1718,"template":"","meta":[],"etheme_brands":[],"class_list":{"0":"post-1717","1":"product","2":"type-product","3":"status-publish","4":"has-post-thumbnail","6":"product_cat-lack-und-leder","8":"first","9":"instock","10":"taxable","11":"shipping-taxable","12":"product-type-external"},"_links":{"self":[{"href":"https:\/\/eventparadies.com\/index.php?rest_route=\/wp\/v2\/product\/1717","targetHints":{"allow":["GET"]}}],"collection":[{"href":"https:\/\/eventparadies.com\/index.php?rest_route=\/wp\/v2\/product"}],"about":[{"href":"https:\/\/eventparadies.com\/index.php?rest_route=\/wp\/v2\/types\/product"}],"wp:featuredmedia":[{"embeddable":true,"href":"https:\/\/eventparadies.com\/index.php?rest_route=\/wp\/v2\/media\/1718"}],"wp:attachment":[{"href":"https:\/\/eventparadies.com\/index.php?rest_route=%2Fwp%2Fv2%2Fmedia&parent=1717"}],"wp:term":[{"taxonomy":"brand","embeddable":true,"href":"https:\/\/eventparadies.com\/index.php?rest_route=%2Fwp%2Fv2%2Fetheme_brands&post=1717"}],"curies":[{"name":"wp","href":"https:\/\/api.w.org\/{rel}","templated":true}]}}