{"id":1566,"date":"2020-03-28T16:59:28","date_gmt":"2020-03-28T16:59:28","guid":{"rendered":"https:\/\/klamottenbude24.de\/?product=grebrafan-damen-reissverschluss-korsett-kunstleder-corsage-rock"},"modified":"2023-04-09T21:37:11","modified_gmt":"2023-04-09T21:37:11","slug":"grebrafan-damen-reissverschluss-korsett-kunstleder-corsage-rock","status":"publish","type":"product","link":"https:\/\/eventparadies.com\/?product=grebrafan-damen-reissverschluss-korsett-kunstleder-corsage-rock","title":{"rendered":"Grebrafan Damen Rei\u00dfverschluss Korsett Kunstleder Corsage Rock"},"content":{"rendered":"<p>Gothic Corsagenkleid Faux Leder Corsage mit Rock Korsagenkleid,1 faux leather corset top + 1 tutu skirt + 1 g-string, tutu skirt is separate, you can wear the corset top singly or add the tutu skirt to make it a corset dress<br \/>\nWomen Faux Leather Corset Dress Gothic Punk Zipper Corset with Skirt<br \/>\n90% Polyester And, 10% Elasthan<br \/>\nPflegehinweis: Dry clean only<br \/>\nModellnummer: 1DEGM&#8211;5209-brown-S<br \/>\nAdjutable lacing up at two sides of corset top, ensure a better fit for waist. One zipper at one side of tutu skirt, make it easy to put on and take off. 8 plastic bones around the faux leather corset dress, offer support for upper body<br \/>\nDas Korsett wird nach der Taillengr\u00f6\u00dfe bemessen. Daher ist das Taillenma\u00df das Wichtigste, wenn Sie ein Korsett bemessen<br \/>\nAnlass: Hochzeit, Turnhalle, Club, Party, Cosplay Kost\u00fcm, Halloween, Weihnachten, Festival, Feiertag.Vielen Anlasse, in die Sie mehr schlanker und besonders aussehen m\u00f6chten.<br \/>\n<div class=\"main-cross-sell\" data-asin=\"B0711YZMXW\">\n\n\t<div class=\"WooZone-cross-sell-loader\">\n\t\t<div>\n\t\t\t<div id=\"floatingBarsG\">\n\t\t\t\t<div class=\"blockG\" id=\"rotateG_01\"><\/div>\n\t\t\t\t<div class=\"blockG\" id=\"rotateG_02\"><\/div>\n\t\t\t\t<div class=\"blockG\" id=\"rotateG_03\"><\/div>\n\t\t\t\t<div class=\"blockG\" id=\"rotateG_04\"><\/div>\n\t\t\t\t<div class=\"blockG\" id=\"rotateG_05\"><\/div>\n\t\t\t\t<div class=\"blockG\" id=\"rotateG_06\"><\/div>\n\t\t\t\t<div class=\"blockG\" id=\"rotateG_07\"><\/div>\n\t\t\t\t<div class=\"blockG\" id=\"rotateG_08\"><\/div>\n\t\t\t<\/div>\n\t\t\t<div class=\"WooZone-cross-sell-loader-text\"><\/div>\n\t\t<\/div>\n\t<\/div>\n\n\t\t\n<\/div>\n<div style=\"clear:both;\"><\/div>\n","protected":false},"excerpt":{"rendered":"<p>Gothic Corsagenkleid Faux Leder Corsage mit Rock Korsagenkleid,1 faux leather corset top + 1 tutu skirt + 1 g-string, tutu skirt is separate, you can wear the corset top singly or add the tutu skirt to make it a corset dress<br \/>\nWomen Faux Leather Corset Dress Gothic Punk Zipper Corset with Skirt<br \/>\n90% Polyester And, 10% Elasthan<\/p>\n","protected":false},"featured_media":1567,"template":"","meta":[],"etheme_brands":[],"class_list":{"0":"post-1566","1":"product","2":"type-product","3":"status-publish","4":"has-post-thumbnail","6":"product_cat-corsagen","8":"first","9":"instock","10":"taxable","11":"shipping-taxable","12":"product-type-external"},"_links":{"self":[{"href":"https:\/\/eventparadies.com\/index.php?rest_route=\/wp\/v2\/product\/1566","targetHints":{"allow":["GET"]}}],"collection":[{"href":"https:\/\/eventparadies.com\/index.php?rest_route=\/wp\/v2\/product"}],"about":[{"href":"https:\/\/eventparadies.com\/index.php?rest_route=\/wp\/v2\/types\/product"}],"wp:featuredmedia":[{"embeddable":true,"href":"https:\/\/eventparadies.com\/index.php?rest_route=\/wp\/v2\/media\/1567"}],"wp:attachment":[{"href":"https:\/\/eventparadies.com\/index.php?rest_route=%2Fwp%2Fv2%2Fmedia&parent=1566"}],"wp:term":[{"taxonomy":"brand","embeddable":true,"href":"https:\/\/eventparadies.com\/index.php?rest_route=%2Fwp%2Fv2%2Fetheme_brands&post=1566"}],"curies":[{"name":"wp","href":"https:\/\/api.w.org\/{rel}","templated":true}]}}