{"id":1525,"date":"2020-03-28T16:55:41","date_gmt":"2020-03-28T16:55:41","guid":{"rendered":"https:\/\/klamottenbude24.de\/?product=bslingerie-damen-rueschen-rand-brokat-corsage-korsett-korsage"},"modified":"2023-04-10T21:51:13","modified_gmt":"2023-04-10T21:51:13","slug":"bslingerie-damen-rueschen-rand-brokat-corsage-korsett-korsage","status":"publish","type":"product","link":"https:\/\/eventparadies.com\/?product=bslingerie-damen-rueschen-rand-brokat-corsage-korsett-korsage","title":{"rendered":"Bslingerie\u00ae Damen R\u00fcschen Rand Brokat Corsage Korsett Korsage"},"content":{"rendered":"<p><!-- show up to 2 reviews by default --> <\/p>\n<p><strong> Die Front ist Haken und \u00d6sen Verschluss und der R\u00fccken Schn\u00fcrung.<\/strong><\/p>\n<p><strong> <\/p>\n<p> Diese raffinierte und effektvolle Corsage kann auch als Oberbekleidung getragen werden.<\/p>\n<\/p>\n<p> Bitte die Gr\u00f6\u00dfe entsprechend Taillengr\u00f6\u00dfe w\u00e4hlen. <\/p>\n<\/p>\n<p>Gr\u00f6\u00dfe S &#8211; Taille 24-26 Inch<\/p>\n<\/p>\n<p>Gr\u00f6\u00dfe M &#8211; Taille 26-28 inch<\/p>\n<\/p>\n<p>Gr\u00f6\u00dfe L &#8211; Taille 28-30 Inch<\/p>\n<\/p>\n<p>Gr\u00f6\u00dfe XL &#8211; Taille 30-32 inch<\/p>\n<\/p>\n<p>Gr\u00f6\u00dfe XXL Taille 32-34 inch<\/p>\n<\/p>\n<p>BSLINGERIE ist ein eingetragene Marke der EU, umfasst die Gro\u00dfbritannien, Frankreich und Deutschland.<\/p>\n<\/p>\n<p> <\/strong><br \/>\nMaterial: 90 % Polyester, 10 % Elastan<br \/>\nFarbe: schwarz, wei\u00df, grau, beige, rot. Gr\u00f6\u00dfe von S bis XXL.<br \/>\nBitte die Gr\u00f6\u00dfe entsprechend Taillengr\u00f6\u00dfe w\u00e4hlen. Gr\u00f6\u00dfe S &#8211; Taille 24-26 Inch, Gr\u00f6\u00dfe M &#8211; Taille 26-28 inch, Gr\u00f6\u00dfe L &#8211; Taille 28-30 Inch, Gr\u00f6\u00dfe XL &#8211; Taille 30-32 inch, Gr\u00f6\u00dfe XXL Taille 32-34 inch<br \/>\nDiese raffinierte und effektvolle Corsage kann auch als Oberbekleidung getragen werden.<br \/>\nBSLINGERIE ist ein eingetragene Marke der EU, umfasst die Gro\u00dfbritannien, Frankreich und Deutschland.<br \/>\n<div class=\"main-cross-sell\" data-asin=\"B06XY1DSFD\">\n\n\t<div class=\"WooZone-cross-sell-loader\">\n\t\t<div>\n\t\t\t<div id=\"floatingBarsG\">\n\t\t\t\t<div class=\"blockG\" id=\"rotateG_01\"><\/div>\n\t\t\t\t<div class=\"blockG\" id=\"rotateG_02\"><\/div>\n\t\t\t\t<div class=\"blockG\" id=\"rotateG_03\"><\/div>\n\t\t\t\t<div class=\"blockG\" id=\"rotateG_04\"><\/div>\n\t\t\t\t<div class=\"blockG\" id=\"rotateG_05\"><\/div>\n\t\t\t\t<div class=\"blockG\" id=\"rotateG_06\"><\/div>\n\t\t\t\t<div class=\"blockG\" id=\"rotateG_07\"><\/div>\n\t\t\t\t<div class=\"blockG\" id=\"rotateG_08\"><\/div>\n\t\t\t<\/div>\n\t\t\t<div class=\"WooZone-cross-sell-loader-text\"><\/div>\n\t\t<\/div>\n\t<\/div>\n\n\t\t\n<\/div>\n<div style=\"clear:both;\"><\/div>\n","protected":false},"excerpt":{"rendered":"<p>Material: 90 % Polyester, 10 % Elastan<br \/>\nFarbe: schwarz, wei\u00df, grau, beige, rot. Gr\u00f6\u00dfe von S bis XXL.<br \/>\nBitte die Gr\u00f6\u00dfe entsprechend Taillengr\u00f6\u00dfe w\u00e4hlen. Gr\u00f6\u00dfe S &#8211; Taille 24-26 Inch, Gr\u00f6\u00dfe M &#8211; Taille 26-28 inch, Gr\u00f6\u00dfe L &#8211; Taille 28-30 Inch, Gr\u00f6\u00dfe XL &#8211; Taille 30-32 inch, Gr\u00f6\u00dfe XXL Taille 32-34 inch<\/p>\n","protected":false},"featured_media":1526,"template":"","meta":[],"etheme_brands":[],"class_list":{"0":"post-1525","1":"product","2":"type-product","3":"status-publish","4":"has-post-thumbnail","6":"product_cat-corsagen","8":"first","9":"instock","10":"taxable","11":"shipping-taxable","12":"product-type-external"},"_links":{"self":[{"href":"https:\/\/eventparadies.com\/index.php?rest_route=\/wp\/v2\/product\/1525","targetHints":{"allow":["GET"]}}],"collection":[{"href":"https:\/\/eventparadies.com\/index.php?rest_route=\/wp\/v2\/product"}],"about":[{"href":"https:\/\/eventparadies.com\/index.php?rest_route=\/wp\/v2\/types\/product"}],"wp:featuredmedia":[{"embeddable":true,"href":"https:\/\/eventparadies.com\/index.php?rest_route=\/wp\/v2\/media\/1526"}],"wp:attachment":[{"href":"https:\/\/eventparadies.com\/index.php?rest_route=%2Fwp%2Fv2%2Fmedia&parent=1525"}],"wp:term":[{"taxonomy":"brand","embeddable":true,"href":"https:\/\/eventparadies.com\/index.php?rest_route=%2Fwp%2Fv2%2Fetheme_brands&post=1525"}],"curies":[{"name":"wp","href":"https:\/\/api.w.org\/{rel}","templated":true}]}}