{"id":1385,"date":"2020-03-28T16:54:40","date_gmt":"2020-03-28T16:54:40","guid":{"rendered":"https:\/\/klamottenbude24.de\/?product=bslingerie-damen-dessous-bustier-korsett-guertel"},"modified":"2023-04-10T21:51:12","modified_gmt":"2023-04-10T21:51:12","slug":"bslingerie-damen-dessous-bustier-korsett-guertel","status":"publish","type":"product","link":"https:\/\/eventparadies.com\/?product=bslingerie-damen-dessous-bustier-korsett-guertel","title":{"rendered":"Bslingerie\u00ae Damen Dessous Bustier Korsett G\u00fcrtel"},"content":{"rendered":"<p><!-- show up to 2 reviews by default --> <\/p>\n<p> Dieses Damen Sexy Bustier Korsett G\u00fcrtel Taille Cincher Dessous ist f\u00fcr das Tragen als Unterw\u00e4sche oder Outfit f\u00fcr alle Parteien und Anl\u00e4sse konzipiert. <\/p>\n<p> <strong>Eigenschaften:<\/strong> <\/p>\n<ul>\n<li> Sexy, sch\u00f6ne Dessous mit gro\u00dfer Versuchung <\/li>\n<li> Kommt mit dem Bustier und Strumpfband <\/li>\n<li> 360 Grad feste Kontrolle \u00fcber Bauch und Taille, sofort reduzieren Ihre Taille <\/li>\n<li> Alles kommt mit Strumpfb\u00e4ndern <\/li>\n<\/ul>\n<p> Das Korsett ist von der Taillengr\u00f6\u00dfe entworfen, bitte w\u00e4hlen Sie entsprechend dem Gr\u00f6\u00dfendiagramm, das auf Ihrer nat\u00fcrlichen Taillengr\u00f6\u00dfe basiert. <\/p>\n<p><\/p>\n<p> Wenn Ihre Taillenmessung zwischen zwei Gr\u00f6\u00dfen ist, w\u00e4hlen Sie bitte die gr\u00f6\u00dfere Gr\u00f6\u00dfe. <\/p>\n<p> Gr\u00f6\u00dfentabelle: <\/p>\n<p><\/p>\n<p> Gr\u00f6\u00dfe S &#8211; Bust 81-86 cm, Waist 61-66cmh <\/p>\n<p><\/p>\n<p> Gr\u00f6\u00dfe M &#8211; Bust 86-91 cm, Waist 66-71 cm <\/p>\n<p><\/p>\n<p> Gr\u00f6\u00dfe L &#8211; Bust 91-96 cm, Waist 71-76 cm <\/p>\n<p><\/p>\n<p> Gr\u00f6\u00dfe XL &#8211; Bust 96-102 cm, Waist 76-81 cm <\/p>\n<p><\/p>\n<p> Gr\u00f6\u00dfe XXL &#8211; Bust 102-107 cm, Waist 81 -86cm <\/p>\n<\/p>\n<p>Status: neu<br \/>\nDas Dessous-Set enth\u00e4lt: Bustier Korsett + Strumpfb\u00e4nder<br \/>\n82% Elasthan, 18% Nylon<br \/>\nGr\u00f6\u00dfe von S bis XXL. Bitte die Gr\u00f6\u00dfe entsprechend Taillengr\u00f6\u00dfe w\u00e4hlen<br \/>\nSize S &#8211; Bust 81-86 cm, Waist 61-66cm Size M &#8211; Bust 86-91 cm, Waist 66-71 cm Size L &#8211; Bust 91-96 cm, Waist 71-76 cm Size XL &#8211; Bust 96-102 cm, Waist 76-81 cm Size XXL &#8211; Bust 102-107 cm, Waist 81 -86cm<br \/>\nBSLINGERIE ist ein eingetragene Marke der EU, umfasst die Gro\u00dfbritannien, Frankreich und Deutschland.<br \/>\n<div class=\"main-cross-sell\" data-asin=\"B075JCMXDG\">\n\n\t<div class=\"WooZone-cross-sell-loader\">\n\t\t<div>\n\t\t\t<div id=\"floatingBarsG\">\n\t\t\t\t<div class=\"blockG\" id=\"rotateG_01\"><\/div>\n\t\t\t\t<div class=\"blockG\" id=\"rotateG_02\"><\/div>\n\t\t\t\t<div class=\"blockG\" id=\"rotateG_03\"><\/div>\n\t\t\t\t<div class=\"blockG\" id=\"rotateG_04\"><\/div>\n\t\t\t\t<div class=\"blockG\" id=\"rotateG_05\"><\/div>\n\t\t\t\t<div class=\"blockG\" id=\"rotateG_06\"><\/div>\n\t\t\t\t<div class=\"blockG\" id=\"rotateG_07\"><\/div>\n\t\t\t\t<div class=\"blockG\" id=\"rotateG_08\"><\/div>\n\t\t\t<\/div>\n\t\t\t<div class=\"WooZone-cross-sell-loader-text\"><\/div>\n\t\t<\/div>\n\t<\/div>\n\n\t\t\n<\/div>\n<div style=\"clear:both;\"><\/div>\n","protected":false},"excerpt":{"rendered":"<p>Status: neu<br \/>\nDas Dessous-Set enth\u00e4lt: Bustier Korsett + Strumpfb\u00e4nder<br \/>\n82% Elasthan, 18% Nylon<\/p>\n","protected":false},"featured_media":1387,"template":"","meta":[],"etheme_brands":[],"class_list":{"0":"post-1385","1":"product","2":"type-product","3":"status-publish","4":"has-post-thumbnail","6":"product_cat-corsagen","8":"first","9":"instock","10":"taxable","11":"shipping-taxable","12":"product-type-external"},"_links":{"self":[{"href":"https:\/\/eventparadies.com\/index.php?rest_route=\/wp\/v2\/product\/1385","targetHints":{"allow":["GET"]}}],"collection":[{"href":"https:\/\/eventparadies.com\/index.php?rest_route=\/wp\/v2\/product"}],"about":[{"href":"https:\/\/eventparadies.com\/index.php?rest_route=\/wp\/v2\/types\/product"}],"wp:featuredmedia":[{"embeddable":true,"href":"https:\/\/eventparadies.com\/index.php?rest_route=\/wp\/v2\/media\/1387"}],"wp:attachment":[{"href":"https:\/\/eventparadies.com\/index.php?rest_route=%2Fwp%2Fv2%2Fmedia&parent=1385"}],"wp:term":[{"taxonomy":"brand","embeddable":true,"href":"https:\/\/eventparadies.com\/index.php?rest_route=%2Fwp%2Fv2%2Fetheme_brands&post=1385"}],"curies":[{"name":"wp","href":"https:\/\/api.w.org\/{rel}","templated":true}]}}