{"id":1345,"date":"2020-03-28T16:51:41","date_gmt":"2020-03-28T16:51:41","guid":{"rendered":"https:\/\/klamottenbude24.de\/?product=ssscok-frauen-sexy-dessous-wetlook-leder-minikleid-rueckenfreie-clubwear-nachtwaesche"},"modified":"2023-04-10T21:51:12","modified_gmt":"2023-04-10T21:51:12","slug":"ssscok-frauen-sexy-dessous-wetlook-leder-minikleid-rueckenfreie-clubwear-nachtwaesche","status":"publish","type":"product","link":"https:\/\/eventparadies.com\/?product=ssscok-frauen-sexy-dessous-wetlook-leder-minikleid-rueckenfreie-clubwear-nachtwaesche","title":{"rendered":"SSScok Frauen sexy Dessous Wetlook Leder Minikleid r\u00fcckenfreie Clubwear Nachtw\u00e4sche"},"content":{"rendered":"<p><!-- show up to 2 reviews by default --> <\/p>\n<p>Produkteigenschaften: <\/p>\n<p> 1.100% brandneu und hochwertig<br \/> 2.Material: Polyester-Spandex-Lackleder<br \/> 3.Gr\u00f6\u00dfe: One Size passt am meisten, Anzug f\u00fcr Lady Gewicht Um 45-75KG <br \/> 4.Sexy Wetlook Minikleid<\/p>\n<p> Package included:1PC Sexy Dessous <\/p>\n<p> Aufmerksamkeit bitte:<br \/> Wegen des manuellen Ma\u00dfes erlauben Sie bitte 2-3 cm Unterschied.<br \/> Anmerkung: Wegen verschiedenen Monitoren kann das Bild der tats\u00e4chliche Farbe nicht immer zeigen. <\/p>\n<p> Danke f\u00fcr den Kauf in unserem Gesch\u00e4ft, wenn Sie irgendein Problem haben, f\u00fchlen Sie sich frei, mit uns in Verbindung zu treten, wir werden unser Bestes versuchen, Ihnen zu helfen, es zu l\u00f6sen. Ich w\u00fcnsche Ihnen einen sch\u00f6nen Einkauf. ^^ <\/p>\n<p>sexy dessous wetlook kleid lackkleid latex kleidung sexy kleidung damen wetlook dessous dessous damen minikleid sexy dessous erotik lack dessous damen lederkleid lederkleid sexy sexy dessous frauen sexy waesche lack und leder erotik damen sexy kostueme wetlook body wetlook damen dessous kleid leder kleid<br \/>\nminikleid wetlook ouvert dessous catsuit ouvert reizwaesche dessous sexy sexy unterwaesche fetisch kleidung erotik waesche fuer frauen clubwear minikleid clubwear spitze minikleid elastisch w\u00e4sche elastisch spitzen w\u00e4sche wetlook minikleid domina outfit latexkleid lackkleid damen clubwear damen sexy sexy minikleider clubwear<br \/>\nElasthan<br \/>\nclubwear kleid wetlook minikleid wetlook stretch sexy wetlook wetlook minikleid sexy sexy kleid clubwear stretch minikleid sexy clubwear lack leder lack wetlook kleid sexy kleider wetlook wetlook clubwear sexy leder minikleid clubwear dress sexy kleid lack sexy clubwear sexy dress leder sexy lack leder leder fetisch lack wetlook<br \/>\nlack minikleid lack leder kleid clubwear leder sexy kleider leder lack sexy damen reizwaesche reizwaesche leder leder dessous damen vollbrust faux leder bodystocking ouvert<br \/>\nvollbrust corsage sexy unterwaesche damen sexy dessus reizwaesche frauen leder dessous damen leder corsagen erotikwaesche damen negligee dessous sexy latex unterwaesche korsagen damen sexy dessous erotisch lack leder dessous catsuit wetlook catsuit damen<br \/>\n<div class=\"main-cross-sell\" data-asin=\"B07QMX1PMS\">\n\n\t<div class=\"WooZone-cross-sell-loader\">\n\t\t<div>\n\t\t\t<div id=\"floatingBarsG\">\n\t\t\t\t<div class=\"blockG\" id=\"rotateG_01\"><\/div>\n\t\t\t\t<div class=\"blockG\" id=\"rotateG_02\"><\/div>\n\t\t\t\t<div class=\"blockG\" id=\"rotateG_03\"><\/div>\n\t\t\t\t<div class=\"blockG\" id=\"rotateG_04\"><\/div>\n\t\t\t\t<div class=\"blockG\" id=\"rotateG_05\"><\/div>\n\t\t\t\t<div class=\"blockG\" id=\"rotateG_06\"><\/div>\n\t\t\t\t<div class=\"blockG\" id=\"rotateG_07\"><\/div>\n\t\t\t\t<div class=\"blockG\" id=\"rotateG_08\"><\/div>\n\t\t\t<\/div>\n\t\t\t<div class=\"WooZone-cross-sell-loader-text\"><\/div>\n\t\t<\/div>\n\t<\/div>\n\n\t\t\n<\/div>\n<div style=\"clear:both;\"><\/div>\n","protected":false},"excerpt":{"rendered":"<p>sexy dessous wetlook kleid lackkleid latex kleidung sexy kleidung damen wetlook dessous dessous damen minikleid sexy dessous erotik lack dessous damen lederkleid lederkleid sexy sexy dessous frauen sexy waesche lack und leder erotik damen sexy kostueme wetlook body wetlook damen dessous kleid leder kleid<br \/>\nminikleid wetlook ouvert dessous catsuit ouvert reizwaesche dessous sexy sexy unterwaesche fetisch kleidung erotik waesche fuer frauen clubwear minikleid clubwear spitze minikleid elastisch w\u00e4sche elastisch spitzen w\u00e4sche wetlook minikleid domina outfit latexkleid lackkleid damen clubwear damen sexy sexy minikleider clubwear<br \/>\nElasthan<\/p>\n","protected":false},"featured_media":1346,"template":"","meta":[],"etheme_brands":[],"class_list":{"0":"post-1345","1":"product","2":"type-product","3":"status-publish","4":"has-post-thumbnail","6":"product_cat-kleider","8":"first","9":"instock","10":"taxable","11":"shipping-taxable","12":"product-type-external"},"_links":{"self":[{"href":"https:\/\/eventparadies.com\/index.php?rest_route=\/wp\/v2\/product\/1345","targetHints":{"allow":["GET"]}}],"collection":[{"href":"https:\/\/eventparadies.com\/index.php?rest_route=\/wp\/v2\/product"}],"about":[{"href":"https:\/\/eventparadies.com\/index.php?rest_route=\/wp\/v2\/types\/product"}],"wp:featuredmedia":[{"embeddable":true,"href":"https:\/\/eventparadies.com\/index.php?rest_route=\/wp\/v2\/media\/1346"}],"wp:attachment":[{"href":"https:\/\/eventparadies.com\/index.php?rest_route=%2Fwp%2Fv2%2Fmedia&parent=1345"}],"wp:term":[{"taxonomy":"brand","embeddable":true,"href":"https:\/\/eventparadies.com\/index.php?rest_route=%2Fwp%2Fv2%2Fetheme_brands&post=1345"}],"curies":[{"name":"wp","href":"https:\/\/api.w.org\/{rel}","templated":true}]}}