{"id":1311,"date":"2020-03-28T16:51:28","date_gmt":"2020-03-28T16:51:28","guid":{"rendered":"https:\/\/klamottenbude24.de\/?product=noir-handmade-damen-tuell-minikleid-mit-wetlook-m375"},"modified":"2023-04-10T21:51:12","modified_gmt":"2023-04-10T21:51:12","slug":"noir-handmade-damen-tuell-minikleid-mit-wetlook-m375","status":"publish","type":"product","link":"https:\/\/eventparadies.com\/?product=noir-handmade-damen-tuell-minikleid-mit-wetlook-m375","title":{"rendered":"Noir Handmade Damen T\u00fcll-Minikleid mit Wetlook M375"},"content":{"rendered":"<p><!-- show up to 2 reviews by default --> <\/p>\n<p>Sexy T\u00fcll-Minikleid mit Wetlook<\/p>\n<p>Beschreibung: <br \/>Sexy T\u00fcll-Minikleid mit Wetlook von Noir Handmade.<br \/>Minikleid mit hinterer Schn\u00fcrung, gefertigt aus mattem Wetlook-Material und durchsichtigem T\u00fcll.<br \/>Der Artikel ist in einer Papier-Hochglanz-Box mit Bild verpackt. <br \/>Pflegehinweis : 30Grad Handw\u00e4sche<\/p>\n<p>Bitte beachten Sie, dass Abbildungen \u00e4hnlich sein k\u00f6nnen und wir f\u00fcr die Produktinformationen keine Haftung \u00fcbernehmen. <\/p>\n<p>Lieferumfang: <br \/>T\u00fcll-Minikleid mit Wetlook!<\/p>\n<p>Farbe: <br \/>schwarz<\/p>\n<p>Material: <br \/>80% Polyamid, 20% Elastan<br \/>Netz: 92% Polyamid, 8% Elastan<\/p>\n<p>Gr\u00f6\u00dfen: (Bitte die Gr\u00f6\u00dfentabelle beachten!) <br \/>S\/36, M\/38, L\/40, XL\/42, 2XL\/44, 3XL\/46, 4XL\/48, 5XL\/50 oder 6XL\/52<\/p>\n<p>diskreter und neutraler Versand<br \/>\nFarbe: Schwarz<br \/>\nVerschluss: Schn\u00fcrsenkel<br \/>\n80% Polyamid, 20% ElastanNetz: 92% Polyamid, 8% Elastan<br \/>\ndekolletiert<br \/>\nPflegehinweis: Handw\u00e4sche<br \/>\nLieferumfang: T\u00fcll-Minikleid mit Wetlook!<br \/>\n<div class=\"main-cross-sell\" data-asin=\"B081D478HS\">\n\n\t<div class=\"WooZone-cross-sell-loader\">\n\t\t<div>\n\t\t\t<div id=\"floatingBarsG\">\n\t\t\t\t<div class=\"blockG\" id=\"rotateG_01\"><\/div>\n\t\t\t\t<div class=\"blockG\" id=\"rotateG_02\"><\/div>\n\t\t\t\t<div class=\"blockG\" id=\"rotateG_03\"><\/div>\n\t\t\t\t<div class=\"blockG\" id=\"rotateG_04\"><\/div>\n\t\t\t\t<div class=\"blockG\" id=\"rotateG_05\"><\/div>\n\t\t\t\t<div class=\"blockG\" id=\"rotateG_06\"><\/div>\n\t\t\t\t<div class=\"blockG\" id=\"rotateG_07\"><\/div>\n\t\t\t\t<div class=\"blockG\" id=\"rotateG_08\"><\/div>\n\t\t\t<\/div>\n\t\t\t<div class=\"WooZone-cross-sell-loader-text\"><\/div>\n\t\t<\/div>\n\t<\/div>\n\n\t\t\n<\/div>\n<div style=\"clear:both;\"><\/div>\n","protected":false},"excerpt":{"rendered":"<p>diskreter und neutraler Versand<br \/>\nFarbe: Schwarz<br \/>\nVerschluss: Schn\u00fcrsenkel<\/p>\n","protected":false},"featured_media":1312,"template":"","meta":[],"etheme_brands":[],"class_list":{"0":"post-1311","1":"product","2":"type-product","3":"status-publish","4":"has-post-thumbnail","6":"product_cat-kleider","8":"first","9":"instock","10":"taxable","11":"shipping-taxable","12":"product-type-external"},"_links":{"self":[{"href":"https:\/\/eventparadies.com\/index.php?rest_route=\/wp\/v2\/product\/1311","targetHints":{"allow":["GET"]}}],"collection":[{"href":"https:\/\/eventparadies.com\/index.php?rest_route=\/wp\/v2\/product"}],"about":[{"href":"https:\/\/eventparadies.com\/index.php?rest_route=\/wp\/v2\/types\/product"}],"wp:featuredmedia":[{"embeddable":true,"href":"https:\/\/eventparadies.com\/index.php?rest_route=\/wp\/v2\/media\/1312"}],"wp:attachment":[{"href":"https:\/\/eventparadies.com\/index.php?rest_route=%2Fwp%2Fv2%2Fmedia&parent=1311"}],"wp:term":[{"taxonomy":"brand","embeddable":true,"href":"https:\/\/eventparadies.com\/index.php?rest_route=%2Fwp%2Fv2%2Fetheme_brands&post=1311"}],"curies":[{"name":"wp","href":"https:\/\/api.w.org\/{rel}","templated":true}]}}