{"id":1230,"date":"2020-03-28T16:47:03","date_gmt":"2020-03-28T16:47:03","guid":{"rendered":"https:\/\/klamottenbude24.de\/?product=ho-ersoka-damen-mini-kleid-wetlook-party-dress-kunstleder-schwarz"},"modified":"2023-04-10T21:51:12","modified_gmt":"2023-04-10T21:51:12","slug":"ho-ersoka-damen-mini-kleid-wetlook-party-dress-kunstleder-schwarz","status":"publish","type":"product","link":"https:\/\/eventparadies.com\/?product=ho-ersoka-damen-mini-kleid-wetlook-party-dress-kunstleder-schwarz","title":{"rendered":"HO-Ersoka Damen Wetlook Kleid sexy Minikleid Kunstleder Neckholder B\u00e4nder Lackkleid r\u00fcckenfrei Wet Look Kleider Frauen\u2026"},"content":{"rendered":"<p><!-- show up to 2 reviews by default --> <\/p>\n<\/p>\n<p>Heisses Kunstleder Mini Kleid mit seitlichen Netzeins\u00e4tzen. Das Dekolette sieht sehr h\u00fcbsch aus &#8211; die B\u00e4nder Optik verleiht dem Dress einen besonderen Pep.<\/p>\n<p>Das Minikleid betont die Figur f\u00fcr eine atemberaubende Optik. Am Nacken wird das Kleid variabel gebunden.<br \/>Farbe: schwarz<\/p>\n<p>Abmessungen:<br \/>Gr\u00f6\u00dfe S\/M:<br \/>Taille von Naht zu Naht: 32 cm<br \/>H\u00fcfte von Naht zu Naht: 39 cm<br \/>L\u00e4nge von Mitte Dekolette bis Saum: 59 cm<\/p>\n<p>Gr\u00f6\u00dfe L\/XL:<br \/>Taille von Naht zu Naht: 34 cm<br \/>H\u00fcfte von Naht zu Naht: 44 cm<br \/>L\u00e4nge von Mitte Dekolette bis Saum: 62 cm<\/p>\n<p>Gr\u00f6\u00dfe 2XL\/3XL:<br \/>Taille von Naht zu Naht: 37 cm<br \/>H\u00fcfte von Naht zu Naht: 48 cm<br \/>L\u00e4nge von Mitte Dekolette bis Saum: 63 cm<\/p>\n<p>Gr\u00f6\u00dfe 4XL\/5XL:<br \/>Taille von Naht zu Naht: 40 cm<br \/>H\u00fcfte von Naht zu Naht: 51 cm<br \/>L\u00e4nge von Mitte Dekolette bis Saum: 64 cm<\/p>\n<p>Material: 95% Polyester, 5% Elasthan<\/p>\n<p>Ein stylisches Clubkleid f\u00fcr viele Gelegenheiten! <\/p>\n<p>Aufgrund von individuellen Monitor Einstellungen k\u00f6nnen die Farben etwas anders ausfallen als auf den Bildern.<\/p>\n<\/p>\n<p>Sexy Partykleid aus veganem Leder mit B\u00e4nder-Optik am Dekolette<br \/>\nDas Wetlook-Kleid hat einen freien R\u00fccken und wird im Nacken variabel gebunden<br \/>\n95% Polyester, 5% Elasthan<br \/>\nSchlauch<br \/>\nPflegehinweis: 30 Grad Handw\u00e4sche<br \/>\nModellnummer: OY57-HO-Ersoka-1<br \/>\nStylisches Clubdress mit tollem Design und seitlichen Eins\u00e4tzen aus Netz<br \/>\nExtravagantes Dance Outfit, das sich dem K\u00f6rper anschmiegt und angenehm zu tragen ist<br \/>\nErh\u00e4ltlich in der Farbe schwarz und den Gr\u00f6\u00dfen S\/M, L\/XL, 2XL\/3XL und 4XL\/5XL \u2013 Bitte die Produktbeschreibung beachten<br \/>\n<div class=\"main-cross-sell\" data-asin=\"B077WLK94X\">\n\n\t<div class=\"WooZone-cross-sell-loader\">\n\t\t<div>\n\t\t\t<div id=\"floatingBarsG\">\n\t\t\t\t<div class=\"blockG\" id=\"rotateG_01\"><\/div>\n\t\t\t\t<div class=\"blockG\" id=\"rotateG_02\"><\/div>\n\t\t\t\t<div class=\"blockG\" id=\"rotateG_03\"><\/div>\n\t\t\t\t<div class=\"blockG\" id=\"rotateG_04\"><\/div>\n\t\t\t\t<div class=\"blockG\" id=\"rotateG_05\"><\/div>\n\t\t\t\t<div class=\"blockG\" id=\"rotateG_06\"><\/div>\n\t\t\t\t<div class=\"blockG\" id=\"rotateG_07\"><\/div>\n\t\t\t\t<div class=\"blockG\" id=\"rotateG_08\"><\/div>\n\t\t\t<\/div>\n\t\t\t<div class=\"WooZone-cross-sell-loader-text\"><\/div>\n\t\t<\/div>\n\t<\/div>\n\n\t\t\n<\/div>\n<div style=\"clear:both;\"><\/div>\n","protected":false},"excerpt":{"rendered":"<p>Sexy Partykleid aus veganem Leder mit B\u00e4nder-Optik am Dekolette<br \/>\nDas Wetlook-Kleid hat einen freien R\u00fccken und wird im Nacken variabel gebunden<br \/>\n95% Polyester, 5% Elasthan<\/p>\n","protected":false},"featured_media":1231,"template":"","meta":[],"etheme_brands":[],"class_list":{"0":"post-1230","1":"product","2":"type-product","3":"status-publish","4":"has-post-thumbnail","6":"product_cat-kleider","8":"first","9":"instock","10":"taxable","11":"shipping-taxable","12":"product-type-external"},"_links":{"self":[{"href":"https:\/\/eventparadies.com\/index.php?rest_route=\/wp\/v2\/product\/1230","targetHints":{"allow":["GET"]}}],"collection":[{"href":"https:\/\/eventparadies.com\/index.php?rest_route=\/wp\/v2\/product"}],"about":[{"href":"https:\/\/eventparadies.com\/index.php?rest_route=\/wp\/v2\/types\/product"}],"wp:featuredmedia":[{"embeddable":true,"href":"https:\/\/eventparadies.com\/index.php?rest_route=\/wp\/v2\/media\/1231"}],"wp:attachment":[{"href":"https:\/\/eventparadies.com\/index.php?rest_route=%2Fwp%2Fv2%2Fmedia&parent=1230"}],"wp:term":[{"taxonomy":"brand","embeddable":true,"href":"https:\/\/eventparadies.com\/index.php?rest_route=%2Fwp%2Fv2%2Fetheme_brands&post=1230"}],"curies":[{"name":"wp","href":"https:\/\/api.w.org\/{rel}","templated":true}]}}