{"id":1107,"date":"2020-03-28T16:43:17","date_gmt":"2020-03-28T16:43:17","guid":{"rendered":"https:\/\/klamottenbude24.de\/?product=zottom%e2%99%aafrauen-urlaub-sommer-fest-sleeveless-partei-strand-kleid"},"modified":"2023-04-10T21:51:11","modified_gmt":"2023-04-10T21:51:11","slug":"zottom%e2%99%aafrauen-urlaub-sommer-fest-sleeveless-partei-strand-kleid","status":"publish","type":"product","link":"https:\/\/eventparadies.com\/?product=zottom%e2%99%aafrauen-urlaub-sommer-fest-sleeveless-partei-strand-kleid","title":{"rendered":"Zottom-allic Enge Minikleider eng minikleid enges top Damen Oversized rot schwarz Netz-minikleid Netz Club fr\u00fchling\u2026"},"content":{"rendered":"<p><!-- show up to 2 reviews by default --> <\/p>\n<p>schwarz petticoat unterrock kinder petticoat erwachsene petticoat reifrock petticoat reifrock schwarz petticoat reifrock kinder petticoat reifrock wei\u00df petticoat reifrock unterrock petticoat orange petticoat gro\u00df petticoat gro\u00dfe gr\u00f6\u00dfen petticoat m\u00e4dchen petticoat licht petticoat punkte petticoat gepunktet petticoat kurz petticoat kurz wei\u00df petticoat kurz schwarz petticoat kurz rot petticoat kurz damen petticoat unterrock kurz petticoat bunt petticoat bunt kinder petticoat bunt damen petticoat kinder petticoat kind petticoat kinder weiss petticoat kinder rosa petticoat kinder schwarz petticoat kinder rot petticoat kleid kinder petticoat-kleid kinder petticoat ohrringe petticoat haarband petticoat pastell petticoat pink damen petticoat rosa damen petticoat rosa petticoat pink petticoat pink kinder petticoat pink schwarz petticoat phoenix petticoat kost\u00fcm petticoat kost\u00fcm kinder petticoat kost\u00fcm damen petticoat vintage petticoat retro petticoat olivgr\u00fcn petticoat kariert petticoat piraten petticoat navy petticoat deluxe petticoat schwarz kinder petticoat schwarz petticoat rock schwarz petticoat black petticoat schwarz xl petticoat schwarz wei\u00df petticoat schwarz \u00fcbergr\u00f6\u00dfe petticoat schwarz kurz petticoat schwarz rot petticoat schwarz damen petticoat leicht petticoat rot petticoat red petticoat rot wei\u00df petticoat rot weiss petticoat rot kurz petticoat rot kinder petticoat rot schwarz petticoat rot damen petticoat blumen petticoat spitze petticoat gelb petticoat gelb damen petticoat grau petticoat hochzeit petticoat brautkleid petticoat hochzeitskleid petticoat fasching petticoat karneval petticoat faschingskost\u00fcm petticoat fasching rot petticoat fasching damen petticoat gold petticoat volumen petticoat flora petticoat karten petticoat verstellbar petticoat hose petticoat fasching schwarz petticoat blau weiss petticoat blau petticoat blau kinder petticoat blau rot petticoat blau damen petticoat-kleider petticoat kleid petticoat kleider petticoat dirndl <\/p>\n<p>sexy abendkleider sexy sexy abendkleider kurz minikleid sexy minikleider sexy damen minikleid sexy minikleid seide minikleider damen rot sexy minikleid damen minikleid pulli minikleider damen rosa leder minikleid sexy sex minikleid sex abendkleider hautenges minikleid minikleid bluse chiffon abendkleid minikleid wolle abendkleid eva abendkleid silber minikleid baby abendkleid figurbetonte abendkleider everpretty abendkleid everpretty abendkleid kurz yogly abendkleid sexy<br \/>\nneon cocktailkleid m\u00e4dchen cocktailkleider m\u00e4dchen cocktailkleid m\u00e4dchen 122 cocktailkleid m\u00e4dchen 128 cocktailkleid m\u00e4dchen 134 cocktailkleid m\u00e4dchen 140 cocktailkleid m\u00e4dchen 146 cocktailkleid m\u00e4dchen 152 cocktailkleid m\u00e4dchen 164 cocktailkleider damen cocktailkleid damen 38 cocktailkleider damen wei\u00df cocktailkleider damen kurz cocktailkleider damen rosa cocktailkleider damen schwarz cocktailkleider damen rot cocktailkleider damen grau cocktailkleider damen blau cocktailkleid<br \/>\nWir haben eine gro\u00dfe Auswahl an Damenbekleidung, schlank und schlicht, passend f\u00fcr jede Jahreszeit und jeden Anlass.<br \/>\n98% Baumwolle, 2% Elasthan<br \/>\nWickelkleid<br \/>\nModellnummer: ZottomPullover Nr.1<br \/>\nvintage kleider swing ball kleider damen kleider blau konfirmation kleider mik funshopping kleider hot kleider damen erotische kleider n\u00e4hmuster kleider strand kleider kleider damen strand kleider damen ski kleider business kleider damen abend kleider damen kurz teenager kleider altert\u00fcmliche kleider damen standesamt kleider sheego kleider samt kleider freiz\u00fcgige kleider s\u00fc\u00dfe kleider damen enge kurze kleider off shoulder kleider kleider kurz curvy<br \/>\nschwarz minikleider damen schwarz minikleid damen rot minikleider leder minikleid damen leder minikleid damen gold ultra minikleid minikleid damen blau minikleid rollkragen damen minikleid blumen minikleid oliv minikleid party minikleid club minikleid leder minikleid 50er minikleid sex minikleid lack minikleid v ausschnitt minikleid hellblau blaues minikleid spitze minikleid red corner minikleid minikleid kunstleder kurze minikleider minikleid durchsichtig gr\u00fcnes minikleid damen braunes<br \/>\nkleid gr\u00fcn petticoat kleid damen petticoat kleider damen petticoat unterrock rot unterrock petticoat rot unterrock petticoat blau petticoat led petticoat reh petticoat neckholder petticoat gr\u00fcn petticoat gr\u00fcn wei\u00df petticoat gr\u00fcn kinder petticoat gr\u00fcn blau petticoat gr\u00fcn damen petticoat t\u00fcrkis petticoat katze petticoat rose petticoat mini petticoat beige petticoat baumwolle petticoat stoff petticoat hell petticoat m\u00e4nner petticoat herren petticoat unterrock pink petticoat neon<br \/>\n<div class=\"main-cross-sell\" data-asin=\"B07TVZN7NF\">\n\n\t<div class=\"WooZone-cross-sell-loader\">\n\t\t<div>\n\t\t\t<div id=\"floatingBarsG\">\n\t\t\t\t<div class=\"blockG\" id=\"rotateG_01\"><\/div>\n\t\t\t\t<div class=\"blockG\" id=\"rotateG_02\"><\/div>\n\t\t\t\t<div class=\"blockG\" id=\"rotateG_03\"><\/div>\n\t\t\t\t<div class=\"blockG\" id=\"rotateG_04\"><\/div>\n\t\t\t\t<div class=\"blockG\" id=\"rotateG_05\"><\/div>\n\t\t\t\t<div class=\"blockG\" id=\"rotateG_06\"><\/div>\n\t\t\t\t<div class=\"blockG\" id=\"rotateG_07\"><\/div>\n\t\t\t\t<div class=\"blockG\" id=\"rotateG_08\"><\/div>\n\t\t\t<\/div>\n\t\t\t<div class=\"WooZone-cross-sell-loader-text\"><\/div>\n\t\t<\/div>\n\t<\/div>\n\n\t\t\n<\/div>\n<div style=\"clear:both;\"><\/div>\n","protected":false},"excerpt":{"rendered":"<p>sexy abendkleider sexy sexy abendkleider kurz minikleid sexy minikleider sexy damen minikleid sexy minikleid seide minikleider damen rot sexy minikleid damen minikleid pulli minikleider damen rosa leder minikleid sexy sex minikleid sex abendkleider hautenges minikleid minikleid bluse chiffon abendkleid minikleid wolle abendkleid eva abendkleid silber minikleid baby abendkleid figurbetonte abendkleider everpretty abendkleid everpretty abendkleid kurz yogly abendkleid sexy<br \/>\nneon cocktailkleid m\u00e4dchen cocktailkleider m\u00e4dchen cocktailkleid m\u00e4dchen 122 cocktailkleid m\u00e4dchen 128 cocktailkleid m\u00e4dchen 134 cocktailkleid m\u00e4dchen 140 cocktailkleid m\u00e4dchen 146 cocktailkleid m\u00e4dchen 152 cocktailkleid m\u00e4dchen 164 cocktailkleider damen cocktailkleid damen 38 cocktailkleider damen wei\u00df cocktailkleider damen kurz cocktailkleider damen rosa cocktailkleider damen schwarz cocktailkleider damen rot cocktailkleider damen grau cocktailkleider damen blau cocktailkleid<br \/>\nWir haben eine gro\u00dfe Auswahl an Damenbekleidung, schlank und schlicht, passend f\u00fcr jede Jahreszeit und jeden Anlass.<\/p>\n","protected":false},"featured_media":1111,"template":"","meta":[],"etheme_brands":[],"class_list":{"0":"post-1107","1":"product","2":"type-product","3":"status-publish","4":"has-post-thumbnail","6":"product_cat-kleider","8":"first","9":"instock","10":"taxable","11":"shipping-taxable","12":"product-type-external"},"_links":{"self":[{"href":"https:\/\/eventparadies.com\/index.php?rest_route=\/wp\/v2\/product\/1107","targetHints":{"allow":["GET"]}}],"collection":[{"href":"https:\/\/eventparadies.com\/index.php?rest_route=\/wp\/v2\/product"}],"about":[{"href":"https:\/\/eventparadies.com\/index.php?rest_route=\/wp\/v2\/types\/product"}],"wp:featuredmedia":[{"embeddable":true,"href":"https:\/\/eventparadies.com\/index.php?rest_route=\/wp\/v2\/media\/1111"}],"wp:attachment":[{"href":"https:\/\/eventparadies.com\/index.php?rest_route=%2Fwp%2Fv2%2Fmedia&parent=1107"}],"wp:term":[{"taxonomy":"brand","embeddable":true,"href":"https:\/\/eventparadies.com\/index.php?rest_route=%2Fwp%2Fv2%2Fetheme_brands&post=1107"}],"curies":[{"name":"wp","href":"https:\/\/api.w.org\/{rel}","templated":true}]}}