{"id":490,"date":"2020-03-28T12:09:23","date_gmt":"2020-03-28T12:09:23","guid":{"rendered":"https:\/\/klamottenbude24.de\/?page_id=490"},"modified":"2020-12-20T13:07:42","modified_gmt":"2020-12-20T13:07:42","slug":"datenschutz","status":"publish","type":"page","link":"https:\/\/eventparadies.com\/?page_id=490","title":{"rendered":"Datenschutz"},"content":{"rendered":"\n<p>Datenschutzerkl\u00e4rung<\/p>\n\n\n\n<p>Diese Datenschutzerkl\u00e4rung kl\u00e4rt Sie \u00fcber die Art, den Umfang und \nZweck der Verarbeitung von personenbezogenen Daten (nachfolgend kurz \n\u201eDaten\u201c) innerhalb unseres Onlineangebotes und der mit ihm verbundenen \nWebseiten, Funktionen und Inhalte sowie externen Onlinepr\u00e4senzen, wie \nz.B. unser Social Media Profile auf. (nachfolgend gemeinsam bezeichnet \nals \u201eOnlineangebot\u201c). Im Hinblick auf die verwendeten Begrifflichkeiten,\n wie z.B. \u201eVerarbeitung\u201c oder \u201eVerantwortlicher\u201c verweisen wir auf die \nDefinitionen im Art. 4 der Datenschutzgrundverordnung (DSGVO).<\/p>\n\n\n\n<p><strong>Verantwortlicher<\/strong><\/p>\n\n\n\n<figure class=\"wp-block-table aligncenter\"><table class=\"\"><tbody><tr><td class=\"has-text-align-center\" data-align=\"center\">   <br>     hmmedia Internetdieste<br>Helmut M\u00e4hlmann<br> Eichenweg 6<br>     49685 H\u00f6ltinghausen<br>       <br>       Mail: info@eventparadies.com <br>       Tel: +49 (0) 4473 &#8211; 929557<br>       <br> <br>       weitere Daten<br>       \u2014\u2014\u2014\u2014\u2014\u2014\u2014\u2014\u2014\u2014\u2014\u2014\u2014<br>        (siehe Impressum) <br>                                       <\/td><\/tr><\/tbody><\/table><\/figure>\n\n\n\n<p><strong>Arten der verarbeiteten Daten:<\/strong><\/p>\n\n\n\n<p>\u2013 Bestandsdaten (z.B., Namen, Adressen).<br>\n\u2013 Kontaktdaten (z.B., E-Mail, Telefonnummern).<br>\n\u2013 Inhaltsdaten (z.B., Texteingaben, Fotografien, Videos).<br>\n\u2013 Nutzungsdaten (z.B., besuchte Webseiten, Interesse an Inhalten, Zugriffszeiten).<br>\n\u2013 Meta-\/Kommunikationsdaten (z.B., Ger\u00e4te-Informationen, IP-Adressen).<\/p>\n\n\n\n<p><strong>Kategorien betroffener Personen<\/strong><\/p>\n\n\n\n<p>Besucher und Nutzer des Onlineangebotes (Nachfolgend bezeichnen wir die betroffenen Personen zusammenfassend auch als \u201eNutzer\u201c).<\/p>\n\n\n\n<p><strong>Zweck der Verarbeitung<\/strong><\/p>\n\n\n\n<p>\u2013 Zurverf\u00fcgungstellung des Onlineangebotes, seiner Funktionen und Inhalte.<br>\n\u2013 Beantwortung von Kontaktanfragen und Kommunikation mit Nutzern.<br>\n\u2013 Sicherheitsma\u00dfnahmen.<br>\n\u2013 Reichweitenmessung\/Marketing<\/p>\n\n\n\n<p><strong>Verwendete Begrifflichkeiten <\/strong><\/p>\n\n\n\n<p>\u201ePersonenbezogene Daten\u201c sind alle Informationen, die sich auf eine \nidentifizierte oder identifizierbare nat\u00fcrliche Person (im Folgenden \n\u201ebetroffene Person\u201c) beziehen; als identifizierbar wird eine nat\u00fcrliche \nPerson angesehen, die direkt oder indirekt, insbesondere mittels \nZuordnung zu einer Kennung wie einem Namen, zu einer Kennnummer, zu \nStandortdaten, zu einer Online-Kennung (z.B. Cookie) oder zu einem oder \nmehreren besonderen Merkmalen identifiziert werden kann, die Ausdruck \nder physischen, physiologischen, genetischen, psychischen, \nwirtschaftlichen, kulturellen oder sozialen Identit\u00e4t dieser nat\u00fcrlichen\n Person sind.<\/p>\n\n\n\n<p>\u201eVerarbeitung\u201c ist jeder mit oder ohne Hilfe automatisierter \nVerfahren ausgef\u00fchrten Vorgang oder jede solche Vorgangsreihe im \nZusammenhang mit personenbezogenen Daten. Der Begriff reicht weit und \numfasst praktisch jeden Umgang mit Daten.<\/p>\n\n\n\n<p>Als \u201eVerantwortlicher\u201c wird die nat\u00fcrliche oder juristische Person, \nBeh\u00f6rde, Einrichtung oder andere Stelle, die allein oder gemeinsam mit \nanderen \u00fcber die Zwecke und Mittel der Verarbeitung von \npersonenbezogenen Daten entscheidet, bezeichnet.<\/p>\n\n\n\n<p><strong>Ma\u00dfgebliche Rechtsgrundlagen<\/strong><\/p>\n\n\n\n<p>Nach Ma\u00dfgabe des Art. 13 DSGVO teilen wir Ihnen die Rechtsgrundlagen \nunserer Datenverarbeitungen mit. Sofern die Rechtsgrundlage in der \nDatenschutzerkl\u00e4rung nicht genannt wird, gilt Folgendes: Die \nRechtsgrundlage f\u00fcr die Einholung von Einwilligungen ist Art. 6 Abs. 1 \nlit. a und Art. 7 DSGVO, die Rechtsgrundlage f\u00fcr die Verarbeitung zur \nErf\u00fcllung unserer Leistungen und Durchf\u00fchrung vertraglicher Ma\u00dfnahmen \nsowie Beantwortung von Anfragen ist Art. 6 Abs. 1 lit. b DSGVO, die \nRechtsgrundlage f\u00fcr die Verarbeitung zur Erf\u00fcllung unserer rechtlichen \nVerpflichtungen ist Art. 6 Abs. 1 lit. c DSGVO, und die Rechtsgrundlage \nf\u00fcr die Verarbeitung zur Wahrung unserer berechtigten Interessen ist \nArt. 6 Abs. 1 lit. f DSGVO. F\u00fcr den Fall, dass lebenswichtige Interessen\n der betroffenen Person oder einer anderen nat\u00fcrlichen Person eine \nVerarbeitung personenbezogener Daten erforderlich machen, dient Art. 6 \nAbs. 1 lit. d DSGVO als Rechtsgrundlage.<\/p>\n\n\n\n<p><strong>Zusammenarbeit mit Auftragsverarbeitern und Dritten<\/strong><\/p>\n\n\n\n<p>Sofern wir im Rahmen unserer Verarbeitung Daten gegen\u00fcber anderen \nPersonen und Unternehmen (Auftragsverarbeitern oder Dritten) offenbaren,\n sie an diese \u00fcbermitteln oder ihnen sonst Zugriff auf die Daten \ngew\u00e4hren, erfolgt dies nur auf Grundlage einer gesetzlichen Erlaubnis \n(z.B. wenn eine \u00dcbermittlung der Daten an Dritte, wie an \nZahlungsdienstleister, gem. Art. 6 Abs. 1 lit. b DSGVO zur \nVertragserf\u00fcllung erforderlich ist), Sie eingewilligt haben, eine \nrechtliche Verpflichtung dies vorsieht oder auf Grundlage unserer \nberechtigten Interessen (z.B. beim Einsatz von Beauftragten, Webhostern,\n etc.).<\/p>\n\n\n\n<p>Sofern wir Dritte mit der Verarbeitung von Daten auf Grundlage eines \nsog. \u201eAuftragsverarbeitungsvertrages\u201c beauftragen, geschieht dies auf \nGrundlage des Art. 28 DSGVO.<\/p>\n\n\n\n<p><strong>\u00dcbermittlungen in Drittl\u00e4nder<\/strong><\/p>\n\n\n\n<p>Sofern wir Daten in einem Drittland (d.h. au\u00dferhalb der Europ\u00e4ischen \nUnion (EU) oder des Europ\u00e4ischen Wirtschaftsraums (EWR)) verarbeiten \noder dies im Rahmen der Inanspruchnahme von Diensten Dritter oder \nOffenlegung, bzw. \u00dcbermittlung von Daten an Dritte geschieht, erfolgt \ndies nur, wenn es zur Erf\u00fcllung unserer (vor)vertraglichen Pflichten, \nauf Grundlage Ihrer Einwilligung, aufgrund einer rechtlichen \nVerpflichtung oder auf Grundlage unserer berechtigten Interessen \ngeschieht. Vorbehaltlich gesetzlicher oder vertraglicher Erlaubnisse, \nverarbeiten oder lassen wir die Daten in einem Drittland nur beim \nVorliegen der besonderen Voraussetzungen der Art. 44 ff. DSGVO \nverarbeiten. D.h. die Verarbeitung erfolgt z.B. auf Grundlage besonderer\n Garantien, wie der offiziell anerkannten Feststellung eines der EU \nentsprechenden Datenschutzniveaus (z.B. f\u00fcr die USA durch das \u201ePrivacy \nShield\u201c) oder Beachtung offiziell anerkannter spezieller vertraglicher \nVerpflichtungen (so genannte \u201eStandardvertragsklauseln\u201c).<\/p>\n\n\n\n<p><strong>Rechte der betroffenen Personen<\/strong><\/p>\n\n\n\n<p>Sie haben das Recht, eine Best\u00e4tigung dar\u00fcber zu verlangen, ob \nbetreffende Daten verarbeitet werden und auf Auskunft \u00fcber diese Daten \nsowie auf weitere Informationen und Kopie der Daten entsprechend Art. 15\n DSGVO.<\/p>\n\n\n\n<p>Sie haben entsprechend. Art. 16 DSGVO das Recht, die \nVervollst\u00e4ndigung der Sie betreffenden Daten oder die Berichtigung der \nSie betreffenden unrichtigen Daten zu verlangen.<\/p>\n\n\n\n<p>Sie haben nach Ma\u00dfgabe des Art. 17 DSGVO das Recht zu verlangen, dass\n betreffende Daten unverz\u00fcglich gel\u00f6scht werden, bzw. alternativ nach \nMa\u00dfgabe des Art. 18 DSGVO eine Einschr\u00e4nkung der Verarbeitung der Daten \nzu verlangen.<\/p>\n\n\n\n<p>Sie haben das Recht zu verlangen, dass die Sie betreffenden Daten, \ndie Sie uns bereitgestellt haben nach Ma\u00dfgabe des Art. 20 DSGVO zu \nerhalten und deren \u00dcbermittlung an andere Verantwortliche zu fordern.<\/p>\n\n\n\n<p>Sie haben ferner gem. Art. 77 DSGVO das Recht, eine Beschwerde bei der zust\u00e4ndigen Aufsichtsbeh\u00f6rde einzureichen.<\/p>\n\n\n\n<p><strong>Widerrufsrecht<\/strong><\/p>\n\n\n\n<p>Sie haben das Recht, erteilte Einwilligungen gem. Art. 7 Abs. 3 DSGVO mit Wirkung f\u00fcr die Zukunft zu widerrufen<\/p>\n\n\n\n<p><strong>Widerspruchsrecht<\/strong><\/p>\n\n\n\n<p>Sie k\u00f6nnen der k\u00fcnftigen Verarbeitung der Sie betreffenden Daten nach\n Ma\u00dfgabe des Art. 21 DSGVO jederzeit widersprechen. Der Widerspruch kann\n insbesondere gegen die Verarbeitung f\u00fcr Zwecke der Direktwerbung \nerfolgen.<\/p>\n\n\n\n<p><strong>Cookies und Widerspruchsrecht bei Direktwerbung<\/strong><\/p>\n\n\n\n<p>Als \u201eCookies\u201c werden kleine Dateien bezeichnet, die auf Rechnern der \nNutzer gespeichert werden. Innerhalb der Cookies k\u00f6nnen unterschiedliche\n Angaben gespeichert werden. Ein Cookie dient prim\u00e4r dazu, die Angaben \nzu einem Nutzer (bzw. dem Ger\u00e4t auf dem das Cookie gespeichert ist) \nw\u00e4hrend oder auch nach seinem Besuch innerhalb eines Onlineangebotes zu \nspeichern. Als tempor\u00e4re Cookies, bzw. \u201eSession-Cookies\u201c oder \n\u201etransiente Cookies\u201c, werden Cookies bezeichnet, die gel\u00f6scht werden, \nnachdem ein Nutzer ein Onlineangebot verl\u00e4sst und seinen Browser \nschlie\u00dft. In einem solchen Cookie kann z.B. der Inhalt eines Warenkorbs \nin einem Onlineshop oder ein Login-Staus gespeichert werden. Als \n\u201epermanent\u201c oder \u201epersistent\u201c werden Cookies bezeichnet, die auch nach \ndem Schlie\u00dfen des Browsers gespeichert bleiben. So kann z.B. der \nLogin-Status gespeichert werden, wenn die Nutzer diese nach mehreren \nTagen aufsuchen. Ebenso k\u00f6nnen in einem solchen Cookie die Interessen \nder Nutzer gespeichert werden, die f\u00fcr Reichweitenmessung oder \nMarketingzwecke verwendet werden. Als \u201eThird-Party-Cookie\u201c werden \nCookies bezeichnet, die von anderen Anbietern als dem Verantwortlichen, \nder das Onlineangebot betreibt, angeboten werden (andernfalls, wenn es \nnur dessen Cookies sind spricht man von \u201eFirst-Party Cookies\u201c).<\/p>\n\n\n\n<p>Wir k\u00f6nnen tempor\u00e4re und permanente Cookies einsetzen und kl\u00e4ren hier\u00fcber im Rahmen unserer Datenschutzerkl\u00e4rung auf.<\/p>\n\n\n\n<p>Falls die Nutzer nicht m\u00f6chten, dass Cookies auf ihrem Rechner \ngespeichert werden, werden sie gebeten die entsprechende Option in den \nSystemeinstellungen ihres Browsers zu deaktivieren. Gespeicherte Cookies\n k\u00f6nnen in den Systemeinstellungen des Browsers gel\u00f6scht werden. Der \nAusschluss von Cookies kann zu Funktionseinschr\u00e4nkungen dieses \nOnlineangebotes f\u00fchren.<\/p>\n\n\n\n<p>Ein genereller Widerspruch gegen den Einsatz der zu Zwecken des \nOnlinemarketing eingesetzten Cookies kann bei einer Vielzahl der \nDienste, vor allem im Fall des Trackings, \u00fcber die US-amerikanische \nSeite <a href=\"http:\/\/www.aboutads.info\/choices\/\">http:\/\/www.aboutads.info\/choices\/<\/a> oder die EU-Seite <a href=\"http:\/\/www.youronlinechoices.com\/\">http:\/\/www.youronlinechoices.com\/<\/a>\n erkl\u00e4rt werden. Des Weiteren kann die Speicherung von Cookies mittels \nderen Abschaltung in den Einstellungen des Browsers erreicht werden. \nBitte beachten Sie, dass dann gegebenenfalls nicht alle Funktionen \ndieses Onlineangebotes genutzt werden k\u00f6nnen.<\/p>\n\n\n\n<p><strong>L\u00f6schung von Daten<\/strong><\/p>\n\n\n\n<p>Die von uns verarbeiteten Daten werden nach Ma\u00dfgabe der Art. 17 und \n18 DSGVO gel\u00f6scht oder in ihrer Verarbeitung eingeschr\u00e4nkt. Sofern nicht\n im Rahmen dieser Datenschutzerkl\u00e4rung ausdr\u00fccklich angegeben, werden \ndie bei uns gespeicherten Daten gel\u00f6scht, sobald sie f\u00fcr ihre \nZweckbestimmung nicht mehr erforderlich sind und der L\u00f6schung keine \ngesetzlichen Aufbewahrungspflichten entgegenstehen. Sofern die Daten \nnicht gel\u00f6scht werden, weil sie f\u00fcr andere und gesetzlich zul\u00e4ssige \nZwecke erforderlich sind, wird deren Verarbeitung eingeschr\u00e4nkt. D.h. \ndie Daten werden gesperrt und nicht f\u00fcr andere Zwecke verarbeitet. Das \ngilt z.B. f\u00fcr Daten, die aus handels- oder steuerrechtlichen Gr\u00fcnden \naufbewahrt werden m\u00fcssen.<\/p>\n\n\n\n<p>Nach gesetzlichen Vorgaben in Deutschland erfolgt die Aufbewahrung \ninsbesondere f\u00fcr 6 Jahre gem\u00e4\u00df \u00a7 257 Abs. 1 HGB (Handelsb\u00fccher, \nInventare, Er\u00f6ffnungsbilanzen, Jahresabschl\u00fcsse, Handelsbriefe, \nBuchungsbelege, etc.) sowie f\u00fcr 10 Jahre gem\u00e4\u00df \u00a7 147 Abs. 1 AO (B\u00fccher, \nAufzeichnungen, Lageberichte, Buchungsbelege, Handels- und \nGesch\u00e4ftsbriefe, F\u00fcr Besteuerung relevante Unterlagen, etc.).<\/p>\n\n\n\n<p>Nach gesetzlichen Vorgaben in \u00d6sterreich erfolgt die Aufbewahrung \ninsbesondere f\u00fcr 7 J gem\u00e4\u00df \u00a7 132 Abs. 1 BAO (Buchhaltungsunterlagen, \nBelege\/Rechnungen, Konten, Belege, Gesch\u00e4ftspapiere, Aufstellung der \nEinnahmen und Ausgaben, etc.), f\u00fcr 22 Jahre im Zusammenhang mit \nGrundst\u00fccken und f\u00fcr 10 Jahre bei Unterlagen im Zusammenhang mit \nelektronisch erbrachten Leistungen, Telekommunikations-, Rundfunk- und \nFernsehleistungen, die an Nichtunternehmer in EU-Mitgliedstaaten \nerbracht werden und f\u00fcr die der Mini-One-Stop-Shop (MOSS) in Anspruch \ngenommen wird.<\/p>\n\n\n\n<p><strong>Erhebung von Zugriffsdaten und Logfiles<\/strong><\/p>\n\n\n\n<p>Wir, bzw. unser Hostinganbieter, \nerhebt auf Grundlage unserer berechtigten Interessen im Sinne des Art. 6\n Abs. 1 lit. f. DSGVO Daten \u00fcber jeden Zugriff auf den Server, auf dem \nsich dieser Dienst befindet (sogenannte Serverlogfiles). Zu den \nZugriffsdaten geh\u00f6ren Name der abgerufenen Webseite, Datei, Datum und \nUhrzeit des Abrufs, \u00fcbertragene Datenmenge, Meldung \u00fcber erfolgreichen \nAbruf, Browsertyp nebst Version, das Betriebssystem des Nutzers, \nReferrer URL (die zuvor besuchte Seite), IP-Adresse und der anfragende \nProvider.<\/p>\n\n\n\n<p>Logfile-Informationen werden aus Sicherheitsgr\u00fcnden (z.B. zur \nAufkl\u00e4rung von Missbrauchs- oder Betrugshandlungen) f\u00fcr die Dauer von \nmaximal 7 Tagen gespeichert und danach gel\u00f6scht. Daten, deren weitere \nAufbewahrung zu Beweiszwecken erforderlich ist, sind bis zur endg\u00fcltigen\n Kl\u00e4rung des jeweiligen Vorfalls von der L\u00f6schung ausgenommen.<\/p>\n\n\n\n<p><strong>Amazon-Partnerprogramm<\/strong><\/p>\n\n\n\n<p>Wir sind auf Grundlage unserer \nberechtigten Interessen (d.h. Interesse am wirtschaftlichem Betrieb \nunseres Onlineangebotes im Sinne des Art. 6 Abs. 1 lit. f. DSGVO) \nTeilnehmer des Partnerprogramms von Amazon EU, das zur Bereitstellung \neines Mediums f\u00fcr Websites konzipiert wurde, mittels dessen durch die \nPlatzierung von Werbeanzeigen und Links zu Amazon.de \nWerbekostenerstattung verdient werden kann (sog. Affiliate-System). \nAmazon setzt Cookies ein, um die Herkunft der Bestellungen \nnachvollziehen zu k\u00f6nnen. Unter anderem kann Amazon erkennen, dass Sie \nden Partnerlink auf dieser Website geklickt und anschlie\u00dfend ein Produkt\n bei Amazon erworben haben.<\/p>\n\n\n\n<p>Weitere Informationen zur Datennutzung durch Amazon und \nWiderspruchsm\u00f6glichkeiten erhalten Sie in der Datenschutzerkl\u00e4rung des \nUnternehmens: <a href=\"http:\/\/www.amazon.de\/gp\/help\/customer\/display.html\/ref=footer_privacy?ie=UTF8&amp;nodeId=3312401\">http:\/\/www.amazon.de\/gp\/help\/customer\/display.html\/ref=footer_privacy?ie=UTF8&amp;nodeId=3312401<\/a>.<\/p>\n\n\n\n<p><strong>Kontaktaufnahme<\/strong><\/p>\n\n\n\n<p>Bei der Kontaktaufnahme mit uns (z.B.\n per Kontaktformular, E-Mail, Telefon oder via sozialer Medien) werden \ndie Angaben des Nutzers zur Bearbeitung der Kontaktanfrage und deren \nAbwicklung gem. Art. 6 Abs. 1 lit. b) DSGVO verarbeitet. Die Angaben der\n Nutzer k\u00f6nnen in einem Customer-Relationship-Management System (\u201eCRM \nSystem\u201c) oder vergleichbarer Anfragenorganisation gespeichert werden.<\/p>\n\n\n\n<p>Wir l\u00f6schen die Anfragen, sofern diese nicht mehr erforderlich sind. \nWir \u00fcberpr\u00fcfen die Erforderlichkeit alle zwei Jahre; Ferner gelten die \ngesetzlichen Archivierungspflichten.<\/p>\n\n\n\n<p><strong>Kommentare und Beitr\u00e4ge<\/strong><\/p>\n\n\n\n<p>Wenn Nutzer Kommentare oder sonstige \nBeitr\u00e4ge hinterlassen, werden ihre IP-Adressen auf Grundlage unserer \nberechtigten Interessen im Sinne des Art. 6 Abs. 1 lit. f. DSGVO f\u00fcr 7 \nTage gespeichert. Das erfolgt zu unserer Sicherheit, falls jemand in \nKommentaren und Beitr\u00e4gen widerrechtliche Inhalte hinterl\u00e4sst \n(Beleidigungen, verbotene politische Propaganda, etc.). In diesem Fall \nk\u00f6nnen wir selbst f\u00fcr den Kommentar oder Beitrag belangt werden und sind\n daher an der Identit\u00e4t des Verfassers interessiert.<br>\n<\/p>\n\n\n\n<p><strong>Google Analytics<\/strong><\/p>\n\n\n\n<p>Wir setzen auf Grundlage unserer \nberechtigten Interessen (d.h. Interesse an der Analyse, Optimierung und \nwirtschaftlichem Betrieb unseres Onlineangebotes im Sinne des Art. 6 \nAbs. 1 lit. f. DSGVO) Google Analytics, einen Webanalysedienst der \nGoogle LLC (\u201eGoogle\u201c) ein. Google verwendet Cookies. Die durch das \nCookie erzeugten Informationen \u00fcber Benutzung des Onlineangebotes durch \ndie Nutzer werden in der Regel an einen Server von Google in den USA \n\u00fcbertragen und dort gespeichert.<\/p>\n\n\n\n<p>Google ist unter dem Privacy-Shield-Abkommen zertifiziert und bietet \nhierdurch eine Garantie, das europ\u00e4ische Datenschutzrecht einzuhalten (<a href=\"https:\/\/www.privacyshield.gov\/participant?id=a2zt000000001L5AAI&amp;status=Active\">https:\/\/www.privacyshield.gov\/participant?id=a2zt000000001L5AAI&amp;status=Active<\/a>).<\/p>\n\n\n\n<p>Google wird diese Informationen in unserem Auftrag benutzen, um die \nNutzung unseres Onlineangebotes durch die Nutzer auszuwerten, um Reports\n \u00fcber die Aktivit\u00e4ten innerhalb dieses Onlineangebotes zusammenzustellen\n und um weitere, mit der Nutzung dieses Onlineangebotes und der \nInternetnutzung verbundene Dienstleistungen, uns gegen\u00fcber zu erbringen.\n Dabei k\u00f6nnen aus den verarbeiteten Daten pseudonyme Nutzungsprofile der\n Nutzer erstellt werden.<\/p>\n\n\n\n<p>Wir setzen Google Analytics nur mit aktivierter IP-Anonymisierung \nein. Das bedeutet, die IP-Adresse der Nutzer wird von Google innerhalb \nvon Mitgliedstaaten der Europ\u00e4ischen Union oder in anderen \nVertragsstaaten des Abkommens \u00fcber den Europ\u00e4ischen Wirtschaftsraum \ngek\u00fcrzt. Nur in Ausnahmef\u00e4llen wird die volle IP-Adresse an einen Server\n von Google in den USA \u00fcbertragen und dort gek\u00fcrzt.<\/p>\n\n\n\n<p>Die von dem Browser des Nutzers \u00fcbermittelte IP-Adresse wird nicht \nmit anderen Daten von Google zusammengef\u00fchrt. Die Nutzer k\u00f6nnen die \nSpeicherung der Cookies durch eine entsprechende Einstellung ihrer \nBrowser-Software verhindern; die Nutzer k\u00f6nnen dar\u00fcber hinaus die \nErfassung der durch das Cookie erzeugten und auf ihre Nutzung des \nOnlineangebotes bezogenen Daten an Google sowie die Verarbeitung dieser \nDaten durch Google verhindern, indem sie das unter folgendem Link \nverf\u00fcgbare Browser-Plugin herunterladen und installieren: <a href=\"http:\/\/tools.google.com\/dlpage\/gaoptout?hl=de\">http:\/\/tools.google.com\/dlpage\/gaoptout?hl=de<\/a>.<\/p>\n\n\n\n<p>Weitere Informationen zur Datennutzung durch Google, Einstellungs- \nund Widerspruchsm\u00f6glichkeiten erfahren Sie auf den Webseiten von Google:\n <a href=\"https:\/\/www.google.com\/intl\/de\/policies\/privacy\/partners\">https:\/\/www.google.com\/intl\/de\/policies\/privacy\/partners<\/a> (\u201eDatennutzung durch Google bei Ihrer Nutzung von Websites oder Apps unserer Partner\u201c), <a href=\"http:\/\/www.google.com\/policies\/technologies\/ads\">http:\/\/www.google.com\/policies\/technologies\/ads<\/a> (\u201eDatennutzung zu Werbezwecken\u201c), <a href=\"http:\/\/www.google.de\/settings\/ads\">http:\/\/www.google.de\/settings\/ads<\/a> (\u201eInformationen verwalten, die Google verwendet, um Ihnen Werbung einzublenden\u201c).<\/p>\n\n\n\n<p><strong>Verwendung von Facebook Social Plugins<\/strong><\/p>\n\n\n\n<p>Wir nutzen auf Grundlage unserer \nberechtigten Interessen (d.h. Interesse an der Analyse, Optimierung und \nwirtschaftlichem Betrieb unseres Onlineangebotes im Sinne des Art. 6 \nAbs. 1 lit. f. DSGVO) Social Plugins (\u201ePlugins\u201c) des sozialen Netzwerkes\n facebook.com, welches von der Facebook Ireland Ltd., 4 Grand Canal \nSquare, Grand Canal Harbour, Dublin 2, Irland betrieben wird \n(\u201eFacebook\u201c). Die Plugins k\u00f6nnen Interaktionselemente oder Inhalte (z.B.\n Videos, Grafiken oder Textbeitr\u00e4ge) darstellen und sind an einem der \nFacebook Logos erkennbar (wei\u00dfes \u201ef\u201c auf blauer Kachel, den Begriffen \n\u201eLike\u201c, \u201eGef\u00e4llt mir\u201c oder einem \u201eDaumen hoch\u201c-Zeichen) oder sind mit \ndem Zusatz \u201eFacebook Social Plugin\u201c gekennzeichnet. Die Liste und das \nAussehen der Facebook Social Plugins kann hier eingesehen werden: <a href=\"https:\/\/developers.facebook.com\/docs\/plugins\/\">https:\/\/developers.facebook.com\/docs\/plugins\/<\/a>.<\/p>\n\n\n\n<p>Facebook ist unter dem Privacy-Shield-Abkommen zertifiziert und \nbietet hierdurch eine Garantie, das europ\u00e4ische Datenschutzrecht \neinzuhalten (<a href=\"https:\/\/www.privacyshield.gov\/participant?id=a2zt0000000GnywAAC&amp;status=Active\">https:\/\/www.privacyshield.gov\/participant?id=a2zt0000000GnywAAC&amp;status=Active<\/a>).<\/p>\n\n\n\n<p>Wenn ein Nutzer eine Funktion dieses Onlineangebotes aufruft, die ein\n solches Plugin enth\u00e4lt, baut sein Ger\u00e4t eine direkte Verbindung mit den\n Servern von Facebook auf. Der Inhalt des Plugins wird von Facebook \ndirekt an das Ger\u00e4t des Nutzers \u00fcbermittelt und von diesem in das \nOnlineangebot eingebunden. Dabei k\u00f6nnen aus den verarbeiteten Daten \nNutzungsprofile der Nutzer erstellt werden. Wir haben daher keinen \nEinfluss auf den Umfang der Daten, die Facebook mit Hilfe dieses Plugins\n erhebt und informiert die Nutzer daher entsprechend unserem \nKenntnisstand.<\/p>\n\n\n\n<p>Durch die Einbindung der Plugins erh\u00e4lt Facebook die Information, \ndass ein Nutzer die entsprechende Seite des Onlineangebotes aufgerufen \nhat. Ist der Nutzer bei Facebook eingeloggt, kann Facebook den Besuch \nseinem Facebook-Konto zuordnen. Wenn Nutzer mit den Plugins \ninteragieren, zum Beispiel den Like Button bet\u00e4tigen oder einen \nKommentar abgeben, wird die entsprechende Information von Ihrem Ger\u00e4t \ndirekt an Facebook \u00fcbermittelt und dort gespeichert. Falls ein Nutzer \nkein Mitglied von Facebook ist, besteht trotzdem die M\u00f6glichkeit, dass \nFacebook seine IP-Adresse in Erfahrung bringt und speichert. Laut \nFacebook wird in Deutschland nur eine anonymisierte IP-Adresse \ngespeichert.<\/p>\n\n\n\n<p>Zweck und Umfang der Datenerhebung und die weitere Verarbeitung und \nNutzung der Daten durch Facebook sowie die diesbez\u00fcglichen Rechte und \nEinstellungsm\u00f6glichkeiten zum Schutz der Privatsph\u00e4re der Nutzer, k\u00f6nnen\n diese den Datenschutzhinweisen von Facebook entnehmen: <a href=\"https:\/\/www.facebook.com\/about\/privacy\/\">https:\/\/www.facebook.com\/about\/privacy\/<\/a>.<\/p>\n\n\n\n<p>Wenn ein Nutzer Facebookmitglied ist und nicht m\u00f6chte, dass Facebook \n\u00fcber dieses Onlineangebot Daten \u00fcber ihn sammelt und mit seinen bei \nFacebook gespeicherten Mitgliedsdaten verkn\u00fcpft, muss er sich vor der \nNutzung unseres Onlineangebotes bei Facebook ausloggen und seine Cookies\n l\u00f6schen. Weitere Einstellungen und Widerspr\u00fcche zur Nutzung von Daten \nf\u00fcr Werbezwecke, sind innerhalb der Facebook-Profileinstellungen \nm\u00f6glich: <a href=\"https:\/\/www.facebook.com\/settings?tab=ads\">https:\/\/www.facebook.com\/settings?tab=ads<\/a> oder \u00fcber die US-amerikanische Seite <a href=\"http:\/\/www.aboutads.info\/choices\/\">http:\/\/www.aboutads.info\/choices\/<\/a> oder die EU-Seite <a href=\"http:\/\/www.youronlinechoices.com\/\">http:\/\/www.youronlinechoices.com\/<\/a>.\n Die Einstellungen erfolgen plattformunabh\u00e4ngig, d.h. sie werden f\u00fcr \nalle Ger\u00e4te, wie Desktopcomputer oder mobile Ger\u00e4te \u00fcbernommen.<\/p>\n\n\n\n<p><a href=\"https:\/\/datenschutz-generator.de\/\">Erstellt mit Datenschutz-Generator.de von RA Dr. Thomas Schwenke<\/a><\/p>\n","protected":false},"excerpt":{"rendered":"<p>Datenschutzerkl\u00e4rung Diese Datenschutzerkl\u00e4rung kl\u00e4rt Sie \u00fcber die Art, den Umfang und Zweck der Verarbeitung von personenbezogenen Daten (nachfolgend kurz \u201eDaten\u201c) innerhalb unseres Onlineangebotes und der mit ihm verbundenen Webseiten, Funktionen und Inhalte sowie externen Onlinepr\u00e4senzen, wie z.B. unser Social Media Profile auf. (nachfolgend gemeinsam bezeichnet als \u201eOnlineangebot\u201c). Im Hinblick auf die verwendeten Begrifflichkeiten, wie z.B. \u201eVerarbeitung\u201c oder \u201eVerantwortlicher\u201c verweisen wir auf die Definitionen im Art. 4 der Datenschutzgrundverordnung (DSGVO). Verantwortlicher hmmedia InternetdiesteHelmut M\u00e4hlmann Eichenweg 6 49685 H\u00f6ltinghausen Mail: info@eventparadies.com Tel: +49 (0) 4473 &#8211; 929557 weitere Daten \u2014\u2014\u2014\u2014\u2014\u2014\u2014\u2014\u2014\u2014\u2014\u2014\u2014 (siehe Impressum) Arten der verarbeiteten Daten: \u2013 Bestandsdaten (z.B., Namen, Adressen). \u2013<\/p>\n","protected":false},"author":2,"featured_media":0,"parent":0,"menu_order":0,"comment_status":"closed","ping_status":"closed","template":"","meta":{"footnotes":""},"class_list":["post-490","page","type-page","status-publish","hentry"],"_links":{"self":[{"href":"https:\/\/eventparadies.com\/index.php?rest_route=\/wp\/v2\/pages\/490","targetHints":{"allow":["GET"]}}],"collection":[{"href":"https:\/\/eventparadies.com\/index.php?rest_route=\/wp\/v2\/pages"}],"about":[{"href":"https:\/\/eventparadies.com\/index.php?rest_route=\/wp\/v2\/types\/page"}],"author":[{"embeddable":true,"href":"https:\/\/eventparadies.com\/index.php?rest_route=\/wp\/v2\/users\/2"}],"replies":[{"embeddable":true,"href":"https:\/\/eventparadies.com\/index.php?rest_route=%2Fwp%2Fv2%2Fcomments&post=490"}],"version-history":[{"count":4,"href":"https:\/\/eventparadies.com\/index.php?rest_route=\/wp\/v2\/pages\/490\/revisions"}],"predecessor-version":[{"id":4831,"href":"https:\/\/eventparadies.com\/index.php?rest_route=\/wp\/v2\/pages\/490\/revisions\/4831"}],"wp:attachment":[{"href":"https:\/\/eventparadies.com\/index.php?rest_route=%2Fwp%2Fv2%2Fmedia&parent=490"}],"curies":[{"name":"wp","href":"https:\/\/api.w.org\/{rel}","templated":true}]}}