{"id":4822,"date":"2020-12-20T12:56:29","date_gmt":"2020-12-20T12:56:29","guid":{"rendered":"https:\/\/eventparadies.com\/?page_id=4822"},"modified":"2020-12-20T12:59:11","modified_gmt":"2020-12-20T12:59:11","slug":"impressum-2","status":"publish","type":"page","link":"https:\/\/eventparadies.com\/?page_id=4822","title":{"rendered":"Impressum"},"content":{"rendered":"<p>[vc_row][vc_column][vc_column_text]Angaben gem\u00e4\u00df \u00a7 5 TMG<br data-rich-text-line-break=\"true\" \/><br data-rich-text-line-break=\"true\" \/>Eventparadies.com ist ein Portal von hmmedia Webservice. <br data-rich-text-line-break=\"true\" \/>Dies ist ein Amazon Partnershop und der Verkauf wird \u00fcber Amazon geregelt. Der Kunden wird nur \u00fcber unseren Partnerlook auf Amazon weitergeleitet!<br data-rich-text-line-break=\"true\" \/><br data-rich-text-line-break=\"true\" \/>Kein Verkauf auf dieser Seite!<br data-rich-text-line-break=\"true\" \/><br data-rich-text-line-break=\"true\" \/><br data-rich-text-line-break=\"true\" \/><br data-rich-text-line-break=\"true\" \/>Helmut M\u00e4hlmann<br data-rich-text-line-break=\"true\" \/>hmmedia Internetdienste<br data-rich-text-line-break=\"true\" \/>Eichenweg 6<br data-rich-text-line-break=\"true\" \/>49685 Emstek\/ H\u00f6ltinghausen<br data-rich-text-line-break=\"true\" \/><br data-rich-text-line-break=\"true\" \/>Kontakt<br data-rich-text-line-break=\"true\" \/>Telefon: +494473929557<br data-rich-text-line-break=\"true\" \/>Telefax: +494473929247<br data-rich-text-line-break=\"true\" \/>E-Mail: info@hmmedia.de<br data-rich-text-line-break=\"true\" \/><br data-rich-text-line-break=\"true\" \/>Umsatzsteuer-ID<br data-rich-text-line-break=\"true\" \/>Umsatzsteuer-Identifikationsnummer gem\u00e4\u00df \u00a7 27 a Umsatzsteuergesetz:<br data-rich-text-line-break=\"true\" \/>DE237412455<br data-rich-text-line-break=\"true\" \/><br data-rich-text-line-break=\"true\" \/>EU-Streitschlichtung<br data-rich-text-line-break=\"true\" \/>Die Europ\u00e4ische Kommission stellt eine Plattform zur Online-Streitbeilegung (OS) bereit:\u00a0<a href=\"https:\/\/ec.europa.eu\/consumers\/odr\" target=\"_blank\" rel=\"noreferrer noopener\">https:\/\/ec.europa.eu\/consumers\/odr<\/a>.<br data-rich-text-line-break=\"true\" \/><br data-rich-text-line-break=\"true\" \/>Unsere E-Mail-Adresse finden Sie oben im Impressum.<br data-rich-text-line-break=\"true\" \/>Verbraucher\u00adstreit\u00adbeilegung\/Universal\u00adschlichtungs\u00adstelle<br data-rich-text-line-break=\"true\" \/>Wir sind nicht bereit oder verpflichtet, an Streitbeilegungsverfahren vor einer Verbraucherschlichtungsstelle teilzunehmen.<br data-rich-text-line-break=\"true\" \/><br data-rich-text-line-break=\"true\" \/>Haftung f\u00fcr Inhalte<br data-rich-text-line-break=\"true\" \/>Als Diensteanbieter sind wir gem\u00e4\u00df \u00a7 7 Abs.1 TMG f\u00fcr eigene Inhalte auf diesen Seiten nach den allgemeinen Gesetzen verantwortlich. Nach \u00a7\u00a7 8 bis 10 TMG sind wir als Diensteanbieter jedoch nicht verpflichtet, \u00fcbermittelte oder gespeicherte fremde Informationen zu \u00fcberwachen oder nach Umst\u00e4nden zu forschen, die auf eine rechtswidrige T\u00e4tigkeit hinweisen.<br data-rich-text-line-break=\"true\" \/>Verpflichtungen zur Entfernung oder Sperrung der Nutzung von Informationen nach den allgemeinen Gesetzen bleiben hiervon unber\u00fchrt. Eine diesbez\u00fcgliche Haftung ist jedoch erst ab dem Zeitpunkt der Kenntnis einer konkreten Rechtsverletzung m\u00f6glich. Bei Bekanntwerden von entsprechenden Rechtsverletzungen werden wir diese Inhalte umgehend entfernen.<br data-rich-text-line-break=\"true\" \/><br data-rich-text-line-break=\"true\" \/>Haftung f\u00fcr Links<br data-rich-text-line-break=\"true\" \/>Unser Angebot enth\u00e4lt Links zu externen Websites Dritter, auf deren Inhalte wir keinen Einfluss haben. Deshalb k\u00f6nnen wir f\u00fcr diese fremden Inhalte auch keine Gew\u00e4hr \u00fcbernehmen. F\u00fcr die Inhalte der verlinkten Seiten ist stets der jeweilige Anbieter oder Betreiber der Seiten verantwortlich. Die verlinkten Seiten wurden zum Zeitpunkt der Verlinkung auf m\u00f6gliche Rechtsverst\u00f6\u00dfe \u00fcberpr\u00fcft. Rechtswidrige Inhalte waren zum Zeitpunkt der Verlinkung nicht erkennbar.<br data-rich-text-line-break=\"true\" \/>Eine permanente inhaltliche Kontrolle der verlinkten Seiten ist jedoch ohne konkrete Anhaltspunkte einer Rechtsverletzung nicht zumutbar. Bei Bekanntwerden von Rechtsverletzungen werden wir derartige Links umgehend entfernen.[\/vc_column_text][\/vc_column][\/vc_row]<\/p>\n","protected":false},"excerpt":{"rendered":"<p>[vc_row][vc_column][vc_column_text]Angaben gem\u00e4\u00df \u00a7 5 TMGEventparadies.com ist ein Portal von hmmedia Webservice. Dies ist ein Amazon Partnershop und der Verkauf wird \u00fcber Amazon geregelt. Der Kunden wird nur \u00fcber unseren Partnerlook auf Amazon weitergeleitet!Kein Verkauf auf dieser Seite!Helmut M\u00e4hlmannhmmedia InternetdiensteEichenweg 649685 Emstek\/ H\u00f6ltinghausenKontaktTelefon: +494473929557Telefax: +494473929247E-Mail: info@hmmedia.deUmsatzsteuer-IDUmsatzsteuer-Identifikationsnummer gem\u00e4\u00df \u00a7 27 a Umsatzsteuergesetz:DE237412455EU-StreitschlichtungDie Europ\u00e4ische Kommission stellt eine Plattform zur Online-Streitbeilegung (OS) bereit:\u00a0https:\/\/ec.europa.eu\/consumers\/odr.Unsere E-Mail-Adresse finden Sie oben im Impressum.Verbraucher\u00adstreit\u00adbeilegung\/Universal\u00adschlichtungs\u00adstelleWir sind nicht bereit oder verpflichtet, an Streitbeilegungsverfahren vor einer Verbraucherschlichtungsstelle teilzunehmen.Haftung f\u00fcr InhalteAls Diensteanbieter sind wir gem\u00e4\u00df \u00a7 7 Abs.1 TMG f\u00fcr eigene Inhalte auf diesen Seiten nach den allgemeinen Gesetzen verantwortlich. Nach \u00a7\u00a7 8<\/p>\n","protected":false},"author":2,"featured_media":0,"parent":0,"menu_order":0,"comment_status":"closed","ping_status":"closed","template":"","meta":{"footnotes":""},"class_list":["post-4822","page","type-page","status-publish","hentry"],"_links":{"self":[{"href":"https:\/\/eventparadies.com\/index.php?rest_route=\/wp\/v2\/pages\/4822","targetHints":{"allow":["GET"]}}],"collection":[{"href":"https:\/\/eventparadies.com\/index.php?rest_route=\/wp\/v2\/pages"}],"about":[{"href":"https:\/\/eventparadies.com\/index.php?rest_route=\/wp\/v2\/types\/page"}],"author":[{"embeddable":true,"href":"https:\/\/eventparadies.com\/index.php?rest_route=\/wp\/v2\/users\/2"}],"replies":[{"embeddable":true,"href":"https:\/\/eventparadies.com\/index.php?rest_route=%2Fwp%2Fv2%2Fcomments&post=4822"}],"version-history":[{"count":2,"href":"https:\/\/eventparadies.com\/index.php?rest_route=\/wp\/v2\/pages\/4822\/revisions"}],"predecessor-version":[{"id":4826,"href":"https:\/\/eventparadies.com\/index.php?rest_route=\/wp\/v2\/pages\/4822\/revisions\/4826"}],"wp:attachment":[{"href":"https:\/\/eventparadies.com\/index.php?rest_route=%2Fwp%2Fv2%2Fmedia&parent=4822"}],"curies":[{"name":"wp","href":"https:\/\/api.w.org\/{rel}","templated":true}]}}